{"id":7,"date":"2011-06-16T14:39:34","date_gmt":"2011-06-16T14:39:34","guid":{"rendered":"http:\/\/academiedenimes.org\/?page_id=7"},"modified":"2022-11-11T14:33:31","modified_gmt":"2022-11-11T14:33:31","slug":"activites","status":"publish","type":"page","link":"https:\/\/www.academiedenimes.org\/site\/activites\/","title":{"rendered":"Activit\u00e9s"},"content":{"rendered":"<p>Cette page permet de d\u00e9crire les principales activit\u00e9s de l\u2019Acad\u00e9mie :<\/p>\n<ul>\n<li>Le travail des commissions : <a href=\"http:\/\/academiedenimes.org\/site\/activites\/le-travail-des-commissions\/\">cliquer<\/a><\/li>\n<li>Les publications.\u00a0 <a href=\"http:\/\/academiedenimes.org\/site\/activites\/publications-memoires-et-bulletins\/\" target=\"_blank\" rel=\"noopener\">Cliquer<\/a><\/li>\n<li>Les relations et les \u00e9changes : <a href=\"http:\/\/academiedenimes.org\/site\/activites\/relations-et-echanges\/\">cliquer<\/a><\/li>\n<li>Le prix de l\u2019Acad\u00e9mie : <a href=\"http:\/\/academiedenimes.org\/site\/activites\/les-prix-de-lacademie\/\">cliquer<\/a><\/li>\n<\/ul>\n<p>&nbsp;<\/p>\n","protected":false},"excerpt":{"rendered":"<p>Cette page permet de d\u00e9crire les principales activit\u00e9s de l\u2019Acad\u00e9mie : Le travail des commissions : cliquer Les publications.\u00a0 Cliquer Les relations et les \u00e9changes : cliquer Le prix de l\u2019Acad\u00e9mie : cliquer &nbsp;<\/p>\n","protected":false},"author":1,"featured_media":0,"parent":0,"menu_order":2,"comment_status":"closed","ping_status":"closed","template":"page-templates\/full-width.php","meta":{"footnotes":""},"class_list":["post-7","page","type-page","status-publish"],"_links":{"self":[{"href":"https:\/\/www.academiedenimes.org\/site\/wp-json\/wp\/v2\/pages\/7","targetHints":{"allow":["GET"]}}],"collection":[{"href":"https:\/\/www.academiedenimes.org\/site\/wp-json\/wp\/v2\/pages"}],"about":[{"href":"https:\/\/www.academiedenimes.org\/site\/wp-json\/wp\/v2\/types\/page"}],"author":[{"embeddable":true,"href":"https:\/\/www.academiedenimes.org\/site\/wp-json\/wp\/v2\/users\/1"}],"replies":[{"embeddable":true,"href":"https:\/\/www.academiedenimes.org\/site\/wp-json\/wp\/v2\/comments?post=7"}],"version-history":[{"count":1,"href":"https:\/\/www.academiedenimes.org\/site\/wp-json\/wp\/v2\/pages\/7\/revisions"}],"predecessor-version":[{"id":7806,"href":"https:\/\/www.academiedenimes.org\/site\/wp-json\/wp\/v2\/pages\/7\/revisions\/7806"}],"wp:attachment":[{"href":"https:\/\/www.academiedenimes.org\/site\/wp-json\/wp\/v2\/media?parent=7"}],"curies":[{"name":"wp","href":"https:\/\/api.w.org\/{rel}","templated":true}]}}