{"id":6911,"date":"2021-01-25T13:25:30","date_gmt":"2021-01-25T13:25:30","guid":{"rendered":"https:\/\/www.academiedenimes.org\/site\/?page_id=6911"},"modified":"2025-05-26T10:00:27","modified_gmt":"2025-05-26T09:00:27","slug":"patrimoine","status":"publish","type":"page","link":"https:\/\/www.academiedenimes.org\/site\/patrimoine\/","title":{"rendered":"Patrimoine"},"content":{"rendered":"<div class=\"wpb-content-wrapper\"><p>[vc_row][vc_column][vc_column_text css=\u00a0\u00bb\u00a0\u00bb]Vous trouverez ci-dessous :<\/p>\n<ul>\n<li><strong>Une promenade dans les faubourgs de la ville de N\u00eemes :<\/strong> <a href=\"https:\/\/patrimoine.academiedenimes.org\/\" target=\"_blank\" rel=\"noopener noreferrer\">Cliquer<\/a><\/li>\n<li><strong>Diagnostic patrimonial des faubourgs de N\u00eemes :<\/strong> <a href=\"https:\/\/www.academiedenimes.org\/site\/telechargements-patrimoine\/\/\">Cliquer<\/a><\/li>\n<li><strong>\u00c0 la rencontre des beaux arbres de N\u00eemes :<\/strong> <a href=\"https:\/\/arbres.academiedenimes.org\/\" target=\"_blank\" rel=\"noopener\">Cliquer<\/a><\/li>\n<li><strong>Cartes postales anciennes :\u00a0<\/strong> <a href=\"https:\/\/www.academiedenimes.org\/site\/cartes-postales-anciennes\/\" rel=\"noopener noreferrer\">Cliquer<\/a><\/li>\n<\/ul>\n<p>[\/vc_column_text][\/vc_column][\/vc_row]<\/p>\n<\/div>","protected":false},"excerpt":{"rendered":"<p>[vc_row][vc_column][vc_column_text css=\u00a0\u00bb\u00a0\u00bb]Vous trouverez ci-dessous : Une promenade dans les faubourgs de la ville de N\u00eemes : Cliquer Diagnostic patrimonial des faubourgs de N\u00eemes : Cliquer \u00c0 la rencontre des beaux arbres de N\u00eemes : Cliquer Cartes postales anciennes :\u00a0 Cliquer [\/vc_column_text][\/vc_column][\/vc_row]<\/p>\n","protected":false},"author":1,"featured_media":0,"parent":0,"menu_order":0,"comment_status":"closed","ping_status":"closed","template":"","meta":{"footnotes":""},"class_list":["post-6911","page","type-page","status-publish"],"_links":{"self":[{"href":"https:\/\/www.academiedenimes.org\/site\/wp-json\/wp\/v2\/pages\/6911","targetHints":{"allow":["GET"]}}],"collection":[{"href":"https:\/\/www.academiedenimes.org\/site\/wp-json\/wp\/v2\/pages"}],"about":[{"href":"https:\/\/www.academiedenimes.org\/site\/wp-json\/wp\/v2\/types\/page"}],"author":[{"embeddable":true,"href":"https:\/\/www.academiedenimes.org\/site\/wp-json\/wp\/v2\/users\/1"}],"replies":[{"embeddable":true,"href":"https:\/\/www.academiedenimes.org\/site\/wp-json\/wp\/v2\/comments?post=6911"}],"version-history":[{"count":9,"href":"https:\/\/www.academiedenimes.org\/site\/wp-json\/wp\/v2\/pages\/6911\/revisions"}],"predecessor-version":[{"id":9678,"href":"https:\/\/www.academiedenimes.org\/site\/wp-json\/wp\/v2\/pages\/6911\/revisions\/9678"}],"wp:attachment":[{"href":"https:\/\/www.academiedenimes.org\/site\/wp-json\/wp\/v2\/media?parent=6911"}],"curies":[{"name":"wp","href":"https:\/\/api.w.org\/{rel}","templated":true}]}}