{"id":474,"date":"2011-11-23T09:34:40","date_gmt":"2011-11-23T09:34:40","guid":{"rendered":"http:\/\/academiedenimes.org\/_\/?page_id=474"},"modified":"2026-01-18T19:09:57","modified_gmt":"2026-01-18T18:09:57","slug":"correspondants","status":"publish","type":"page","link":"https:\/\/www.academiedenimes.org\/site\/correspondants\/","title":{"rendered":"Classe des membres correspondants."},"content":{"rendered":"<div class=\"wpb-content-wrapper\"><p>[vc_row][vc_column][vc_column_text css=\u00a0\u00bb\u00a0\u00bb]<\/p>\n<h4 style=\"text-align: center;\"><span style=\"color: #ff9900;\">CLASSE DES CORRESPONDANTS<\/span><\/h4>\n<p style=\"text-align: center;\">Personnalit\u00e9s qui, par leurs connaissances, secondent l&rsquo;Acad\u00e9mie dans ses travaux.<\/p>\n<p style=\"text-align: center;\">En nombre illimit\u00e9<\/p>\n<p>[\/vc_column_text][vc_column_text css=\u00a0\u00bb\u00a0\u00bb]<span style=\"color: #000000;\"><strong>1978 Michel COURTY<\/strong>, professeur de coll\u00e8ge.<\/span><br \/>\n<span style=\"color: #000000;\"><strong>1981 Marie-Fran\u00e7oise GRIFFEUILLE<\/strong>, conservateur de Mus\u00e9e.<\/span><br \/>\n<span style=\"color: #000000;\"><strong>1982 Alain NICOLAS<\/strong>.<\/span><br \/>\n<span style=\"color: #000000;\"> <strong>1983 Marguerite-Marie BENEL-COUTELOU<\/strong>, docteur \u00e8s lettres.<\/span><br \/>\n<span style=\"color: #000000;\"> <strong>1984 Ren\u00e9 EVESQUE<\/strong>, pr\u00e9historien, \u00ab Las Soleilhadas \u00bb.<\/span><br \/>\n<span style=\"color: #000000;\"> <strong>1985 Rainer RIEMENSCHNEIDER<\/strong>, professeur honoraire.<\/span><br \/>\n<span style=\"color: #000000;\"><strong>1989 Philippe CHAREYRE<\/strong>, professeur des Universit\u00e9s en Histoire Moderne.<\/span><br \/>\n<span style=\"color: #000000;\"><strong>1992 Robert COURTIEU<\/strong>, Ancien officier sup\u00e9rieur pilote de l&rsquo;Arm\u00e9e de l&rsquo;Air\u00a0 (Colonel), Ch. de la L.H., Off. de l\u2019Ordre nat. du M\u00e9rite.<\/span><br \/>\n<span style=\"color: #000000;\"><strong>1994 Laurent PUECH,<\/strong> conservateur du Mus\u00e9e c\u00e9venol du Vigan.<\/span><br \/>\n<span style=\"color: #000000;\"><strong>1995 H\u00e9l\u00e8ne FAGE-GALTIER<\/strong>, professeur.<\/span><br \/>\n<span style=\"color: #000000;\"> <strong>1995 Jean- Paul BUREAU<\/strong>, professeur Facult\u00e9 de m\u00e9decine.<\/span><br \/>\n<span style=\"color: #000000;\"> <strong>1996 Martine PEYROCHE d\u2019ARNAUD de SARAZIGNAC,<\/strong> Conservateur honoraire des Mus\u00e9es, Ch. des Arts et Lettres.<\/span><br \/>\n<span style=\"color: #000000;\"> <strong>1996 Jean-Pierre CABOUAT<\/strong>, ancien ambassadeur, Off. L.H., G. Off. Ordre nat. du M\u00e9rite,\u00a0Croix de Guerre 39-45, m\u00e9daille de la R\u00e9sistance.<\/span><br \/>\n<span style=\"color: #000000;\"> <strong>1996 Raymond HUARD<\/strong>, Ch. Palmes Acad. professeur \u00e9m\u00e9rite d\u2019Universit\u00e9.<\/span><br \/>\n<span style=\"color: #000000;\"> <strong>1996 Robert LEYDET<\/strong>, Ch. de la L.H., Ch. Ordre Nat. du M\u00e9rite, Officier des Palmes acad\u00e9miques.<\/span><br \/>\n<strong>1996 Christian SALENDRES, <\/strong>Off. Ordre nat. du M\u00e9rite, Cur\u00e9 du Vigan.<br \/>\n<span style=\"color: #000000;\"><strong>1998 Olympe BHELY-QUENUM<\/strong>, sociologue, \u00e9crivain, O. N. du B\u00e9nin.<\/span><br \/>\n<span style=\"color: #000000;\"> <strong>1998 Pierre CHILLET-PIJAC <\/strong>, cadre sup\u00e9rieur T\u00e9l\u00e9com (H), \u00e9crivain (Herv\u00e9 PIJAC).<\/span><br \/>\n<span style=\"color: #000000;\"> <strong>1998 Guy DUGAS<\/strong>, professeur d\u2019Universit\u00e9.<\/span><br \/>\n<span style=\"color: #000000;\"><strong>1998 Jean-Yves LAUNAY<\/strong>, avocat g\u00e9n\u00e9ral honoraire \u00e0 la cour de cassation,\u00a0Off. LH., Off. Ordre national du M\u00e9rite, Off. Palmes acad..<\/span><br \/>\n<span style=\"color: #000000;\"> <strong>1998 Thierry MARTIN<\/strong>, professeur.<\/span><br \/>\n<span style=\"color: #000000;\"><strong>1999 Bernard BASTIDE<\/strong>, enseignant.<\/span><br \/>\n<span style=\"color: #000000;\"> <strong>2001 Fran\u00e7oise CUILLE-KUSEL<\/strong>, commissaire-priseur, Ch. Ordre national du M\u00e9rite. <\/span><br \/>\n<span style=\"color: #000000;\"> <strong>2001 Jean-Jacques ROUX<\/strong>, professeur d\u2019histoire honoraire.<\/span><br \/>\n<span style=\"color: #000000;\"> <strong>2001 Nicole VRAY<\/strong>, docteur \u00e8s lettres, Ch. Palmes acad\u00e9miques.<\/span><br \/>\n<span style=\"color: #000000;\"> <strong>2002 Aur\u00e9lia BORTOLIN<\/strong>, docteur en histoire.<\/span><br \/>\n<span style=\"color: #000000;\"> <strong>2002 Jacques DESCHARD<\/strong>, lieutenant-colonel d\u2019artillerie.<\/span><br \/>\n<span style=\"color: #000000;\"> <strong>2002 Jean-Michel FAIDIT<\/strong>, docteur \u00e8s sciences.<\/span><br \/>\n<span style=\"color: #000000;\"><strong>2002 Marie-Fran\u00e7oise MAQUART<\/strong>, docteur en histoire.<\/span><br \/>\n<span style=\"color: #000000;\"> <strong>2002 Monique M\u00c9RIC<\/strong>, g\u00e9rante de soci\u00e9t\u00e9, Ch. Ordre nat. du M\u00e9rite.<\/span><br \/>\n<span style=\"color: #000000;\"> <strong>2003 St\u00e9phane ALLUT<\/strong>, expert-comptable.<\/span><br \/>\n<span style=\"color: #000000;\"> <strong>2003 Dominique BORNE<\/strong>, agr\u00e9g\u00e9 d\u2019histoire, doyen de l\u2019Inspection g\u00e9n\u00e9rale de l\u2019\u00c9d. nationale.<\/span><br \/>\n<span style=\"color: #000000;\"> <strong>2003 Jacques CAD\u00c8NE<\/strong>, juriste et administrateur de soci\u00e9t\u00e9.<\/span><br \/>\n<span style=\"color: #000000;\"><strong>2004 Jean-Fran\u00e7ois MAR\u00c9CHAL<\/strong>, professeur honoraire d\u2019histoire et de g\u00e9ographie.<\/span><br \/>\n<span style=\"color: #000000;\"><strong>2007 R\u00e9gis CAYROL<\/strong>, Conseiller \u00e0 la Cour d\u2019Appel de Montpellier.<br \/>\n<\/span><strong>2007 Romain DAUD\u00c9, <\/strong>Professeur d&rsquo;histoire.<br \/>\n<span style=\"color: #000000;\"> <strong>2007 Philippe RIGOULOT<\/strong>, docteur \u00e8s sciences politiques.<\/span><br \/>\n<span style=\"color: #000000;\"> <strong>2008 Gilbert BEC<\/strong>, directeur industriel. Ch. Ordre nat. du M\u00e9rite.<\/span><br \/>\n<span style=\"color: #000000;\"> <strong>2008 Guilhem GODLEWSKI,<\/strong> Professeur \u00e0 la Facult\u00e9\u00a0 de m\u00e9decine de Montpellier,Membre de l&rsquo;Acad\u00e9mie Nationale de Chirurgie, Ch. dans l&rsquo;Ordre Nat. du M\u00e9rite.<\/span><br \/>\n<span style=\"color: #000000;\">\u00a0<\/span><span style=\"color: #000000;\"><strong>2008 Hugues ROMANO<\/strong>, docteur en m\u00e9decine.<\/span><br \/>\n<span style=\"color: #000000;\"> <strong>2008 Ren\u00e9 VENTURA,<\/strong> architecte.<\/span><br \/>\n<span style=\"color: #000000;\"><strong>2009 Fran\u00e7ois-Robert MAGDELAINE,<\/strong> professeur honoraire.<\/span><br \/>\n<span style=\"color: #000000;\"> <strong>2010 Michel AUGUGLIORO<\/strong>, proviseur honoraire, Off. dans l&rsquo;ordre des Palmes Acad..<\/span><br \/>\n<span style=\"color: #000000;\"><strong>2010 H\u00e9l\u00e8ne DUBOIS DE MONTREYNAUD<\/strong>, Docteur en sociologie.<\/span><br \/>\n<span style=\"color: #000000;\"> <strong>2010 Michel FOURNIER<\/strong>, journaliste.<\/span><br \/>\n<span style=\"color: #000000;\"><strong>2011 Richard BOUSIGES<\/strong>, historien, Directeur du Centre Hospitalier de Blois.<\/span><br \/>\n<span style=\"color: #000000;\"> <strong>2011 Jean-Marc CANONGE<\/strong>, professeur agr\u00e9g\u00e9 d\u2019italien<\/span><br \/>\n<span style=\"color: #000000;\"> <strong>2011 Madeleine GIACOMONI<\/strong>, chef de greffes au conseil des Prud\u2019hommes, Ch. dans l&rsquo;Ordre Nat. du M\u00e9rite.<\/span><br \/>\n<span style=\"color: #000000;\"><strong>2011 Jean-Michel OTT,<\/strong> professeur honoraire de math\u00e9matiques.<\/span><br \/>\n<span style=\"color: #000000;\"> <strong>2012 Dani\u00e8le KRIBS<\/strong>, Docteur en Histoire.<\/span><br \/>\n<span style=\"color: #000000;\"><strong>2012 Bernard FEVRIER<\/strong>, G\u00e9n\u00e9alogiste.<\/span><br \/>\n<span style=\"color: #000000;\"> <strong>2012 William GALLIGANI<\/strong>, Directeur Honoraire de banque.<\/span><br \/>\n<span style=\"color: #000000;\"> <strong>2012 Jean-Luc PONTVIEUX<\/strong>, Ing\u00e9nieur Ecole Centrale\u00a0des Arts et Manufactures\u00a0 de Paris.<br \/>\n<strong>2013 \u00c9velyne BRANDTS<\/strong>, Professeur agr\u00e9g\u00e9\u00a0 d&rsquo;allemand.<br \/>\n<strong>2013 Fr\u00e9d\u00e9ric AURIOL<\/strong>, Aum\u00f4nier g\u00e9n\u00e9ral des h\u00f4pitaux, Ch. dans l&rsquo;Ordre Nat.du m\u00e9rite.<\/span><br \/>\n<span style=\"color: #000000;\"><strong>2014 Jean PEY<\/strong>, Adjoint de conservation.<\/span><br \/>\n<span style=\"color: #000000;\"><strong>2014 Jean-Pierre ROUANET DE VIGNE LAVIT<\/strong>, Professeur de M\u00e9decine, Ch. de la L.H.<\/span><br \/>\n<span style=\"color: #000000;\"> <strong>2015 Pierre-Henri CHALVIDAN,<\/strong>\u00a0 Docteur en Droit, dipl\u00f4m\u00e9 de Sciences Politiques, licenci\u00e9 en Th\u00e9ologie. Off. dans l&rsquo;ordre des Palmes Acad\u00e9miques.<\/span><br \/>\n<span style=\"color: #000000;\"> <strong>2015 Dominique FABRE<\/strong>, avocat sp\u00e9cialiste en droit social, en droit de la s\u00e9curit\u00e9 sociale et de la protection sociale.<\/span><br \/>\n<span style=\"color: #000000;\"> <strong>2015 G\u00e9rard GASCUEL (Fr\u00e8re JEAN).<\/strong> Photographe de presse. Moine-Pr\u00eatre orthodoxe.<\/span><br \/>\n<span style=\"color: #000000;\"><strong>2015 Jean-Marie MERCIER.<\/strong> Docteur en Histoire. Directeur du service Culture\/Patrimoine, Communaut\u00e9 de Communes Beaucaire Terre d\u2019Argence.<br \/>\n<strong>2016 Martine REBOUL<\/strong>.\u00a0 Charg\u00e9e de mission aux archives dioc\u00e9saines.<br \/>\n<strong>2016 Claire TORREILLES<\/strong>. Professeur agr\u00e9g\u00e9 de Lettres classiques.<br \/>\n<strong>2017\u00a0 Marie-Claude CHEVALIER, <\/strong>Chef d&rsquo;orchestre, Chef de c\u0153ur.<br \/>\n<strong>2017\u00a0 Alain ARTUS, <\/strong>Biographe litt\u00e9raire.<br \/>\n<strong>2017\u00a0 Andr\u00e9 CHAPUS, <\/strong>Pr\u00eatre. Responsable de la Biblioth\u00e8que historique du Dioc\u00e8se de N\u00eemes.<br \/>\n<strong>2018\u00a0 Anne BROUSMICHE. <\/strong>Charg\u00e9e d&rsquo;\u00e9tudes documentaires. Po\u00e8te. Off. dans l&rsquo;ordre des Palmes Acad\u00e9miques.<br \/>\n<strong>2018\u00a0 Christian FELLER. <\/strong>Directeur de Recherche (Classe exceptionnelle) en Sciences du Sol. Ch. de la L.H.<br \/>\n<\/span><strong>2018\u00a0 Sylvain OLIVIER. <\/strong>Docteur en Histoire. Ma\u00eetre de conf\u00e9rences \u00e0 l\u2019Universit\u00e9 de N\u00eemes,<strong><br \/>\n2018\u00a0 Christian POLGE. <\/strong>\u00c9ducateur sp\u00e9cialis\u00e9. Ch. dans l&rsquo;Ordre National du m\u00e9rite.<br \/>\n<strong>2018\u00a0 Avinoam Bezadel SAFRAN<\/strong>. Professeur titulaire de la Chaire d\u2019ophtalmologie \u00e0 la Facult\u00e9 de m\u00e9decine de Gen\u00e8ve.<br \/>\n<span style=\"color: #000000;\"><strong>2019\u00a0 Jean-Pierre ODILON. <\/strong>Juriste<br \/>\n<\/span><strong>2022\u00a0 Yann CRUVELLIER, <\/strong>\u00c9diteur.<br \/>\n<strong>2022\u00a0 Alain DELAGE. <\/strong>Homme de lettres. Ch. dans l&rsquo;Ordre des Arts et des Lettres.<br \/>\n<strong>2022\u00a0 Jean RIBSTEIN. <\/strong>Professeur de m\u00e9decine.<br \/>\n<strong>2022\u00a0 Christophe TEISSIER. <\/strong>Magistrat.\u00a0 Ch. dans l&rsquo;Ordre de la L\u00e9gion d&rsquo;honneur.<br \/>\n<strong>2023\u00a0 Jean-Marc BEYNET. <\/strong>Ing\u00e9nieur. Docteur en m\u00e9canique des sols.<br \/>\n<strong>2023\u00a0 Michel HERMET. <\/strong>Restaurateur, Viticulteur, sommelier. Ch. dans l&rsquo;Ordre National du m\u00e9rite.<br \/>\n<strong>2023\u00a0 Sylviane LEONI. <\/strong>Professeur \u00e9m\u00e9rite des Universit\u00e9s.<br \/>\n<strong>2023\u00a0 Didier LAVRUT. <\/strong>Professeur agr\u00e9g\u00e9 d&rsquo;histoire en classes pr\u00e9paratoires au lyc\u00e9e Alphonse Daudet de N\u00eemes.<br \/>\n<strong>2023\u00a0 Nicolas LEROY. <\/strong>Professeur des Universit\u00e9s en histoire du droit, vice-pr\u00e9sident de l&rsquo;Universit\u00e9 Vauban de N\u00eemes.<br \/>\n<strong>2023\u00a0 S\u00e9bastien RODIER, <\/strong>Professeur d&rsquo;histoire g\u00e9ographie et d&rsquo;enseignement moral civique.<br \/>\n<strong>2023\u00a0 Marie VIALLON. <\/strong>Professeur \u00e9m\u00e9rite des Universit\u00e9s.<br \/>\n<strong>2024\u00a0 Gabriele PADBERG-JEANJEAN,<\/strong> Ma\u00eetre de conf\u00e9rences honoraire de civilisation allemande Universit\u00e9 de Franche-Comt\u00e9. Officier des Palmes acad\u00e9miques.<br \/>\n<strong>2024\u00a0 Pauline HELOU-DE LA GRANDIERE<\/strong>, Restauratrice du Patrimoine<br \/>\n<strong>2024\u00a0 Francis BONNEFONT<\/strong>, Professeur (R) de math\u00e9matiques.<br \/>\n<strong>2024\u00a0 Th\u00e9odore GUUINIC,<\/strong> Docteur en Architecture. Ma\u00eetre de conf\u00e9rences titulaire en Histoire &amp; cultures architecturales (HCA), ENSA Montpellier.<br \/>\n<strong>2025\u00a0 Aleth JOURDAN<\/strong>, Conservateur en chef honoraire du patrimoine.<br \/>\n<strong>2025\u00a0 Philippe BERTA<\/strong>. Docteur en biochimie. Professeur \u00e9m\u00e9rite de l&rsquo;Universit\u00e9 de N\u00eemes.<br \/>\n<strong>2025\u00a0 Jacques JAUME.\u00a0<\/strong>Docteur en m\u00e9decine.<\/p>\n<p>&nbsp;<\/p>\n<p>&nbsp;<\/p>\n<p class=\"MsoNormal\"><b><span style=\"font-size: 12.0pt;\"> <strong><br \/>\n<\/strong><\/span><\/b><\/p>\n<p>[\/vc_column_text][\/vc_column][\/vc_row]<\/p>\n<\/div>","protected":false},"excerpt":{"rendered":"<p>[vc_row][vc_column][vc_column_text css=\u00a0\u00bb\u00a0\u00bb] CLASSE DES CORRESPONDANTS Personnalit\u00e9s qui, par leurs connaissances, secondent l&rsquo;Acad\u00e9mie dans ses travaux. En nombre illimit\u00e9 [\/vc_column_text][vc_column_text css=\u00a0\u00bb\u00a0\u00bb]1978 Michel COURTY, professeur de coll\u00e8ge. 1981 Marie-Fran\u00e7oise GRIFFEUILLE, conservateur de Mus\u00e9e. 1982 Alain NICOLAS. 1983 Marguerite-Marie BENEL-COUTELOU, docteur \u00e8s lettres. 1984 Ren\u00e9 EVESQUE, pr\u00e9historien, \u00ab Las Soleilhadas \u00bb. 1985 Rainer RIEMENSCHNEIDER, professeur honoraire. 1989 Philippe &#8230; <a title=\"Classe des membres correspondants.\" class=\"read-more\" href=\"https:\/\/www.academiedenimes.org\/site\/correspondants\/\" aria-label=\"En savoir plus sur Classe des membres correspondants.\">Lire plus<\/a><\/p>\n","protected":false},"author":1,"featured_media":0,"parent":0,"menu_order":0,"comment_status":"closed","ping_status":"closed","template":"","meta":{"footnotes":""},"class_list":["post-474","page","type-page","status-publish"],"_links":{"self":[{"href":"https:\/\/www.academiedenimes.org\/site\/wp-json\/wp\/v2\/pages\/474","targetHints":{"allow":["GET"]}}],"collection":[{"href":"https:\/\/www.academiedenimes.org\/site\/wp-json\/wp\/v2\/pages"}],"about":[{"href":"https:\/\/www.academiedenimes.org\/site\/wp-json\/wp\/v2\/types\/page"}],"author":[{"embeddable":true,"href":"https:\/\/www.academiedenimes.org\/site\/wp-json\/wp\/v2\/users\/1"}],"replies":[{"embeddable":true,"href":"https:\/\/www.academiedenimes.org\/site\/wp-json\/wp\/v2\/comments?post=474"}],"version-history":[{"count":37,"href":"https:\/\/www.academiedenimes.org\/site\/wp-json\/wp\/v2\/pages\/474\/revisions"}],"predecessor-version":[{"id":9976,"href":"https:\/\/www.academiedenimes.org\/site\/wp-json\/wp\/v2\/pages\/474\/revisions\/9976"}],"wp:attachment":[{"href":"https:\/\/www.academiedenimes.org\/site\/wp-json\/wp\/v2\/media?parent=474"}],"curies":[{"name":"wp","href":"https:\/\/api.w.org\/{rel}","templated":true}]}}