{"id":470,"date":"2011-11-23T09:32:56","date_gmt":"2011-11-23T09:32:56","guid":{"rendered":"http:\/\/academiedenimes.org\/_\/?page_id=470"},"modified":"2026-02-09T12:00:18","modified_gmt":"2026-02-09T11:00:18","slug":"membres-dhonneur-et-honoraires","status":"publish","type":"page","link":"https:\/\/www.academiedenimes.org\/site\/membres-dhonneur-et-honoraires\/","title":{"rendered":"Membres d&rsquo;Honneur et Membres Honoraires"},"content":{"rendered":"<div class=\"wpb-content-wrapper\"><p>[vc_row][vc_column][vc_column_text css=\u00a0\u00bb\u00a0\u00bb]<\/p>\n<h4><span style=\"color: #ff9900;\">MEMBRES D&rsquo;HONNEUR<\/span><\/h4>\n<p><span style=\"color: #000000;\"><strong>M. le Pr\u00e9fet du Gard,<\/strong> pr\u00e9sident d\u2019honneur de l\u2019Acad\u00e9mie depuis 1801.<\/span><\/p>\n<p><span style=\"color: #000000;\"><strong>M. le Maire de N\u00eemes<\/strong>, membre d&rsquo;honneur \u00e8s-qualit\u00e9s.<\/span><\/p>\n<p><span style=\"color: #000000;\"><strong>Mme la Pr\u00e9sidente du Conseil d\u00e9partemental du Gard<\/strong>, membre d\u2019honneur \u00e8s-qualit\u00e9s.<\/span><\/p>\n<p><strong>Hugues BOUSIGES,\u00a0<\/strong> Pr\u00e9fet honoraire, Ch. de la L.H. , Commandeur de l&rsquo;Ordre nat. du M\u00e9rite,\u00a0 Ch. des Arts et Lettres. (2014)<\/p>\n<p><strong>Dany LAFERRI\u00c8RE<\/strong> <strong>de l&rsquo;Acad\u00e9mie fran\u00e7aise. <\/strong>(2018). R\u00e9ception. <a href=\"https:\/\/www.youtube.com\/watch?v=iasua2d3x3M\" target=\"_blank\" rel=\"noopener\"><strong>ici<\/strong><\/a><strong><br \/>\n<\/strong><\/p>\n<p><strong>Jacques BOISSONNAS,\u00a0<\/strong> Entrepreneur. Ch. de la L.H., Off. des Arts et Lettres. (2020). R\u00e9ception. <strong><a href=\"https:\/\/www.academiedenimes.org\/site\/wp-content\/uploads\/Boissonnas.pdf\" target=\"_blank\" rel=\"noopener\">ici<\/a><\/strong><\/p>\n<p><strong>Dominique BONA de l&rsquo;Acad\u00e9mie fran\u00e7aise<\/strong> (2025)\u00a0 R\u00e9ception:<a href=\"https:\/\/www.academiedenimes.org\/site\/wp-content\/uploads\/Tire-a-part-Version-web-Dominique-Bonat-int-BAT.pdf\" target=\"_blank\" rel=\"noopener\"> <strong>ici<\/strong><\/a><\/p>\n<h4><span style=\"color: #ff9900;\">MEMBRES HONORAIRES<\/span><\/h4>\n<p><span style=\"color: #000000;\"><strong>2006 Philippe JOUTARD<\/strong>, recteur d\u2019Acad\u00e9mie.<br \/>\n<\/span><br \/>\n<span style=\"color: #000000;\"> <strong>2008 Gilles DERVIEUX<\/strong>, Directeur de conservatoire. Ch. des Palmes Acad., Ch. des Arts et Lettres.<br \/>\n<\/span><br \/>\n<strong>2019 Robert CHALAVET,\u00a0<\/strong> Off. de l&rsquo;Ordre National du M\u00e9rite, Directeur honoraire centre hospitalier, docteur en droit.<\/p>\n<p><strong>2022 Vanessa RITTER, <\/strong>Docteur en \u00e9gyptologie.<\/p>\n<p><strong>2022 Guilhem FABRE. <\/strong>G\u00e9ographe. Directeur de Recherche (H) du CNRS.<\/p>\n<p><strong>2022\u00a0<\/strong> <strong>Charles PUECH<\/strong>, Pr\u00e9sident de Chambre (H)\u00a0 \u00e0 la Cour d\u2019Appel.<br \/>\nCh. de la L. H., de l\u2019Ordre national du M\u00e9rite et des Palmes acad\u00e9miques.<\/p>\n<p><strong>2023\u00a0<\/strong> <strong>Ren\u00e9 CHABERT<\/strong>, Docteur en neurobiologie, <span dir=\"ltr\" role=\"presentation\">qualifi\u00e9 ma\u00eetre de conf\u00e9rences des Universit\u00e9s<\/span>.<\/p>\n<p><span class=\"font8\"><strong>2026\u00a0 Paule PLOUVIER,<\/strong>\u00a0Off.des Palmes Acad\u00e9miques, <\/span><span class=\"font8\">Professeur de po\u00e9tique \u00e9m\u00e9rite de l\u2019Universit\u00e9 de Montpellier, Psychanalyste.<\/span><\/p>\n<p>&nbsp;<\/p>\n<p>[\/vc_column_text][\/vc_column][\/vc_row]<\/p>\n<\/div>","protected":false},"excerpt":{"rendered":"<p>[vc_row][vc_column][vc_column_text css=\u00a0\u00bb\u00a0\u00bb] MEMBRES D&rsquo;HONNEUR M. le Pr\u00e9fet du Gard, pr\u00e9sident d\u2019honneur de l\u2019Acad\u00e9mie depuis 1801. M. le Maire de N\u00eemes, membre d&rsquo;honneur \u00e8s-qualit\u00e9s. Mme la Pr\u00e9sidente du Conseil d\u00e9partemental du Gard, membre d\u2019honneur \u00e8s-qualit\u00e9s. Hugues BOUSIGES,\u00a0 Pr\u00e9fet honoraire, Ch. de la L.H. , Commandeur de l&rsquo;Ordre nat. du M\u00e9rite,\u00a0 Ch. des Arts et Lettres. (2014) &#8230; <a title=\"Membres d&rsquo;Honneur et Membres Honoraires\" class=\"read-more\" href=\"https:\/\/www.academiedenimes.org\/site\/membres-dhonneur-et-honoraires\/\" aria-label=\"En savoir plus sur Membres d&rsquo;Honneur et Membres Honoraires\">Lire plus<\/a><\/p>\n","protected":false},"author":1,"featured_media":0,"parent":0,"menu_order":0,"comment_status":"closed","ping_status":"closed","template":"","meta":{"footnotes":""},"class_list":["post-470","page","type-page","status-publish"],"_links":{"self":[{"href":"https:\/\/www.academiedenimes.org\/site\/wp-json\/wp\/v2\/pages\/470","targetHints":{"allow":["GET"]}}],"collection":[{"href":"https:\/\/www.academiedenimes.org\/site\/wp-json\/wp\/v2\/pages"}],"about":[{"href":"https:\/\/www.academiedenimes.org\/site\/wp-json\/wp\/v2\/types\/page"}],"author":[{"embeddable":true,"href":"https:\/\/www.academiedenimes.org\/site\/wp-json\/wp\/v2\/users\/1"}],"replies":[{"embeddable":true,"href":"https:\/\/www.academiedenimes.org\/site\/wp-json\/wp\/v2\/comments?post=470"}],"version-history":[{"count":21,"href":"https:\/\/www.academiedenimes.org\/site\/wp-json\/wp\/v2\/pages\/470\/revisions"}],"predecessor-version":[{"id":10004,"href":"https:\/\/www.academiedenimes.org\/site\/wp-json\/wp\/v2\/pages\/470\/revisions\/10004"}],"wp:attachment":[{"href":"https:\/\/www.academiedenimes.org\/site\/wp-json\/wp\/v2\/media?parent=470"}],"curies":[{"name":"wp","href":"https:\/\/api.w.org\/{rel}","templated":true}]}}