{"id":4639,"date":"2016-11-24T09:41:11","date_gmt":"2016-11-24T09:41:11","guid":{"rendered":"http:\/\/academiedenimes.org\/site\/?page_id=4639"},"modified":"2026-03-14T07:44:19","modified_gmt":"2026-03-14T06:44:19","slug":"inventaire","status":"publish","type":"page","link":"https:\/\/www.academiedenimes.org\/site\/inventaire\/","title":{"rendered":"Inventaire"},"content":{"rendered":"<div class=\"wpb-content-wrapper\"><p>[vc_row][vc_column][vc_column_text css=\u00a0\u00bb\u00a0\u00bb]<\/p>\n<h5>Veuillez trouver le fichier Excel d\u00e9crivant l&rsquo;inventaire ( derni\u00e8re mise \u00e0 jour: mars 2026 ).<\/h5>\n<h5>Mode d&#8217;emploi pour consulter l&rsquo;inventaire: <a href=\"https:\/\/www.academiedenimes.org\/site\/wp-content\/uploads\/Web-Mode-emploi-excel-site-acad.pdf\" target=\"_blank\" rel=\"noopener\">cliquer<\/a><\/h5>\n<p>[\/vc_column_text][\/vc_column][\/vc_row]<\/p>\n<\/div>","protected":false},"excerpt":{"rendered":"<p>[vc_row][vc_column][vc_column_text css=\u00a0\u00bb\u00a0\u00bb] Veuillez trouver le fichier Excel d\u00e9crivant l&rsquo;inventaire ( derni\u00e8re mise \u00e0 jour: mars 2026 ). Mode d&#8217;emploi pour consulter l&rsquo;inventaire: cliquer [\/vc_column_text][\/vc_column][\/vc_row]<\/p>\n","protected":false},"author":3,"featured_media":0,"parent":0,"menu_order":0,"comment_status":"closed","ping_status":"closed","template":"","meta":{"footnotes":""},"class_list":["post-4639","page","type-page","status-publish"],"_links":{"self":[{"href":"https:\/\/www.academiedenimes.org\/site\/wp-json\/wp\/v2\/pages\/4639","targetHints":{"allow":["GET"]}}],"collection":[{"href":"https:\/\/www.academiedenimes.org\/site\/wp-json\/wp\/v2\/pages"}],"about":[{"href":"https:\/\/www.academiedenimes.org\/site\/wp-json\/wp\/v2\/types\/page"}],"author":[{"embeddable":true,"href":"https:\/\/www.academiedenimes.org\/site\/wp-json\/wp\/v2\/users\/3"}],"replies":[{"embeddable":true,"href":"https:\/\/www.academiedenimes.org\/site\/wp-json\/wp\/v2\/comments?post=4639"}],"version-history":[{"count":4,"href":"https:\/\/www.academiedenimes.org\/site\/wp-json\/wp\/v2\/pages\/4639\/revisions"}],"predecessor-version":[{"id":10087,"href":"https:\/\/www.academiedenimes.org\/site\/wp-json\/wp\/v2\/pages\/4639\/revisions\/10087"}],"wp:attachment":[{"href":"https:\/\/www.academiedenimes.org\/site\/wp-json\/wp\/v2\/media?parent=4639"}],"curies":[{"name":"wp","href":"https:\/\/api.w.org\/{rel}","templated":true}]}}