{"id":260,"date":"2011-10-11T12:24:47","date_gmt":"2011-10-11T12:24:47","guid":{"rendered":"http:\/\/academiedenimes.org\/_\/?page_id=260"},"modified":"2023-11-16T15:24:32","modified_gmt":"2023-11-16T15:24:32","slug":"origine","status":"publish","type":"page","link":"https:\/\/www.academiedenimes.org\/site\/historique\/origine\/","title":{"rendered":"Origine"},"content":{"rendered":"<p>L\u2019Acad\u00e9mie de N\u00eemes a vu le jour en 1682.<\/p>\n<p>Elle est l\u2019une des plus anciennes de France, apr\u00e8s l\u2019Acad\u00e9mie Fran\u00e7aise cr\u00e9\u00e9e en 1635, l\u2019Acad\u00e9mie d\u2019Arles en 1668.<\/p>\n<p style=\"text-align: justify;\">Selon L\u00e9on M\u00e9nard, historien n\u00eemois du XVIIIe si\u00e8cle, \u00ab quelques personnes d\u2019esprit et de savoir, vers le milieu du XVIIe si\u00e8cle, s\u2019assemblaient \u00e0 des heures r\u00e9gl\u00e9es et conf\u00e9raient sur des propos de litt\u00e9rature. Ce ne fut d\u2019abord pendant l\u2019espace de trente ans qu\u2019un cercle d\u2019amis qui s\u2019\u00e9taient choisis\u2026 \u00bb. Finalement en 1682, Jules C\u00e9sar de Fayn, marquis de P\u00e9raud, chez qui se r\u00e9unissaient ces \u00ab gens d\u2019esprit \u00bb, leur proposa d\u2019\u00e9tablir une soci\u00e9t\u00e9 litt\u00e9raire, ce qui fut approuv\u00e9 par tous.<\/p>\n<p><a href=\"http:\/\/academiedenimes.org\/site\/wp-content\/uploads\/2011\/11\/academie-origine.jpg\"><img loading=\"lazy\" decoding=\"async\" class=\"alignnone size-full wp-image-338\" title=\"academie-origine\" src=\"http:\/\/academiedenimes.org\/site\/wp-content\/uploads\/2011\/11\/academie-origine.jpg\" alt=\"\" width=\"800\" height=\"466\" srcset=\"https:\/\/www.academiedenimes.org\/site\/wp-content\/uploads\/2011\/11\/academie-origine.jpg 800w, https:\/\/www.academiedenimes.org\/site\/wp-content\/uploads\/2011\/11\/academie-origine-300x174.jpg 300w\" sizes=\"auto, (max-width: 800px) 100vw, 800px\" \/><\/a><\/p>\n<p style=\"text-align: justify;\">D\u00e8s lors, la premi\u00e8re r\u00e9union du 28 mars 1682 a permis de fixer le nombre des acad\u00e9miciens r\u00e9sidant \u00e0 N\u00eemes \u00e0 vingt-six tandis que celui des \u00ab Acad\u00e9miciens \u00e9trangers \u00bb, plus tard nomm\u00e9s \u00ab associ\u00e9s \u00bb n\u2019est pas limit\u00e9. Jacques de la Baume est \u00e9lu directeur, le marquis de P\u00e9raud secr\u00e9taire perp\u00e9tuel. L\u2019\u00e9v\u00eaque de N\u00eemes, Jacques S\u00e9guier de la Verri\u00e8re qui, par ses interventions \u00e0 la Cour, avait facilit\u00e9 la cr\u00e9ation de la compagnie, accepta d\u2019\u00eatre le protecteur de la nouvelle acad\u00e9mie. La premi\u00e8re s\u00e9ance r\u00e9guli\u00e8re se tint le 1er avril. Louis Trimond d\u2019Aiglun fut \u00e9lu chancelier. Le 29 avril : \u00e9laboration des statuts. Le 10 ao\u00fbt, Louis XIV signe \u00e0 Versailles les lettres patentes accordant aux membres de l\u2019Acad\u00e9mie fran\u00e7aise de N\u00eemes les m\u00eames \u00ab honneurs, privil\u00e8ges, franchises et libert\u00e9s dont jouissent ceux de l\u2019Acad\u00e9mie fran\u00e7aise. \u00bb Lettres enregistr\u00e9es au parlement de Toulouse le 27 mars 1683. Le 6 mai, d\u00e9cision de cr\u00e9er un registre des proc\u00e8s-verbaux des s\u00e9ances. Puis, le m\u00eame mois, la devise \u00ab \u00c6mula Lauri \u00bb (\u00e9mule du laurier) est adopt\u00e9e.<\/p>\n<h3><span style=\"color: #993300;\"><strong>Mission <\/strong><\/span><\/h3>\n<p style=\"text-align: justify;\">Les lettres patentes donnent pour mission d\u2019une part l\u2019\u00e9tude de l\u2019antiquit\u00e9 \u00ab pour l\u2019intelligence de ce qu\u2019il y a de rare et de plus obscur dans les d\u00e9bris qui\u2026 restent des ouvrages des Romains \u00bb et, d\u2019autre part, \u00ab l\u2019honneur de joindre la puret\u00e9 du langage fran\u00e7ais \u00e0 la connaissance de l\u2019antique histoire \u00bb et de parler \u00ab le langage de la Cour, de m\u00eame que leurs anc\u00eatres parlaient le langage de Rome. \u00bb<\/p>\n<h3><span style=\"color: #993300;\"><strong>Des temps difficiles (1685-1752)<\/strong><\/span><\/h3>\n<p style=\"text-align: justify;\">Trois ans plus tard, la R\u00e9vocation de l\u2019\u00e9dit de Nantes interdisant le protestantisme en France provoqua une crise profonde \u00e0 N\u00eemes, ville profond\u00e9ment marqu\u00e9e par la R\u00e9forme, et \u00e0 l\u2019Acad\u00e9mie : plusieurs membres s\u2019exilent, les r\u00e9unions s\u2019espacent ou m\u00eame s\u2019interrompent. Son activit\u00e9 se r\u00e9duit jusqu\u2019en 1752 o\u00f9 elle est reconstitu\u00e9e et reprend ses s\u00e9ances r\u00e9guli\u00e8res.<\/p>\n<h3><span style=\"color: #993300;\"><strong>Le renouveau (1752-1793)<\/strong><\/span><\/h3>\n<p style=\"text-align: justify;\">Durant la seconde moiti\u00e9 du XVIIIe si\u00e8cle, des membres prestigieux illustr\u00e8rent la Compagnie : l\u2019historien L\u00e9on M\u00e9nard, le fabuliste Jean-Pierre Claris de Florian, Boissy d\u2019Anglas, Rabaut Saint-\u00c9tienne et, parmi les membres associ\u00e9s, le mar\u00e9chal duc de Richelieu, le cardinal de Bernis, Lamoignon de Malesherbes, le mar\u00e9chal duc de Biron, Montgolfier, Chaptal.<\/p>\n<p style=\"text-align: justify;\"><a href=\"http:\/\/academiedenimes.org\/site\/wp-content\/uploads\/2011\/11\/academie-origine-jean-francois-seguier.jpg\"><img loading=\"lazy\" decoding=\"async\" class=\"size-full wp-image-340 aligncenter\" title=\"academie-origine-jean-francois-seguier\" src=\"http:\/\/academiedenimes.org\/site\/wp-content\/uploads\/2011\/11\/academie-origine-jean-francois-seguier.jpg\" alt=\"\" width=\"240\" height=\"310\" srcset=\"https:\/\/www.academiedenimes.org\/site\/wp-content\/uploads\/2011\/11\/academie-origine-jean-francois-seguier.jpg 400w, https:\/\/www.academiedenimes.org\/site\/wp-content\/uploads\/2011\/11\/academie-origine-jean-francois-seguier-232x300.jpg 232w\" sizes=\"auto, (max-width: 240px) 100vw, 240px\" \/><\/a><br \/>\nCelui qui marqua le plus la Compagnie fut sans aucun doute Jean-Fran\u00e7ois S\u00e9guier (1703-1784), homme des Lumi\u00e8res qui re\u00e7ut en son h\u00f4tel n\u00eemois plus de 1400 visiteurs en dix ans (1773-1783), correspondait avec quelque trois cents hommes de lettres et de sciences. Il fut \u00e9lu Secr\u00e9taire perp\u00e9tuel en 1765 et m\u00eame Protecteur en 1784. Les s\u00e9ances de l\u2019Acad\u00e9mie se tenaient dans chez lui (7 rue S\u00e9guier). \u00c0 sa mort il l\u00e9gua son h\u00f4tel, ses manuscrits, sa biblioth\u00e8que et ses collections \u00e0 l\u2019Acad\u00e9mie.<\/p>\n<p><strong><a href=\"http:\/\/academiedenimes.org\/site\/wp-content\/uploads\/2011\/11\/academie-origine-renouveau-0.jpg\"><img loading=\"lazy\" decoding=\"async\" class=\"size-full wp-image-342 aligncenter\" title=\"academie-origine-renouveau-0\" src=\"http:\/\/academiedenimes.org\/site\/wp-content\/uploads\/2011\/11\/academie-origine-renouveau-0.jpg\" alt=\"\" width=\"300\" height=\"400\" srcset=\"https:\/\/www.academiedenimes.org\/site\/wp-content\/uploads\/2011\/11\/academie-origine-renouveau-0.jpg 800w, https:\/\/www.academiedenimes.org\/site\/wp-content\/uploads\/2011\/11\/academie-origine-renouveau-0-225x300.jpg 225w, https:\/\/www.academiedenimes.org\/site\/wp-content\/uploads\/2011\/11\/academie-origine-renouveau-0-768x1024.jpg 768w\" sizes=\"auto, (max-width: 300px) 100vw, 300px\" \/><\/a><\/strong><\/p>\n<p><a href=\"http:\/\/academiedenimes.org\/site\/wp-content\/uploads\/2011\/11\/academie-origine-renouveau-1.jpg\"><img loading=\"lazy\" decoding=\"async\" class=\"size-full wp-image-343 aligncenter\" title=\"academie-origine-renouveau-1\" src=\"http:\/\/academiedenimes.org\/site\/wp-content\/uploads\/2011\/11\/academie-origine-renouveau-1.jpg\" alt=\"\" width=\"300\" height=\"400\" srcset=\"https:\/\/www.academiedenimes.org\/site\/wp-content\/uploads\/2011\/11\/academie-origine-renouveau-1.jpg 800w, https:\/\/www.academiedenimes.org\/site\/wp-content\/uploads\/2011\/11\/academie-origine-renouveau-1-225x300.jpg 225w, https:\/\/www.academiedenimes.org\/site\/wp-content\/uploads\/2011\/11\/academie-origine-renouveau-1-768x1024.jpg 768w\" sizes=\"auto, (max-width: 300px) 100vw, 300px\" \/><\/a><\/p>\n<h3><span style=\"color: #993300;\"><strong>L\u2019\u00e9clipse (1793-1801)<\/strong><\/span><\/h3>\n<p style=\"text-align: justify;\">Se m\u00e9fiant de toutes les associations pr\u00e9existantes, la Convention nationale d\u00e9cr\u00e9ta en ao\u00fbt 1793 la suppression de toutes les soci\u00e9t\u00e9s savantes, avec saisie de leurs biens. C\u2019est ainsi que les livres et manuscrits de S\u00e9guier se retrouv\u00e8rent dans la Biblioth\u00e8que municipale et son cabinet d\u2019histoire naturelle au Mus\u00e9um de N\u00eemes. Rabaut Saint-\u00c9tienne fut guillotin\u00e9 et trois autres acad\u00e9miciens mont\u00e8rent \u00e9galement sur l\u2019\u00e9chafaud \u00e0 N\u00eemes.<\/p>\n<h3><span style=\"color: #993300;\"><strong>Renaissance (1802-1914)<\/strong><\/span><\/h3>\n<p style=\"text-align: justify;\">Ressuscit\u00e9e comme Lyc\u00e9e du Gard en 1801, la Compagnie est reconstitu\u00e9e par un arr\u00eat\u00e9 de novembre 1802 sous le nom d\u2019Acad\u00e9mie du Gard. Elle assure d\u00e8s lors sa continuit\u00e9 malgr\u00e9 de br\u00e8ves interruptions (1813-1816 ; 1870-1871) : de 1805 \u00e0 1822 elle produisit 455 travaux ou communications ; 531 de 1832 \u00e0 1850 ; 362 dans la d\u00e9cennie suivante. En 1868, elle fixe ses effectifs au nombre actuel. Un d\u00e9cret sign\u00e9 par Thiers la reconna\u00eet d\u2019utilit\u00e9 publique en 1871 et elle reprend en 1878 son titre d\u2019Acad\u00e9mie de N\u00eemes, choisissant le pr\u00e9fet du Gard comme pr\u00e9sident d\u2019honneur, ce qu\u2019il est toujours. Un d\u00e9cret de 1888, sign\u00e9 Carnot, attribue \u00e0 l\u2019Acad\u00e9mie les statuts qui sont toujours les siens pr\u00e9voyant notamment 60 membres ordinaires : 36 r\u00e9sidants et 24 non r\u00e9sidants, le nombre des membres correspondants n\u2019\u00e9tant pas limit\u00e9. (Statuts de l&rsquo;Acad\u00e9mie du Gard en 1805. <a href=\"https:\/\/www.academiedenimes.org\/site\/wp-content\/uploads\/Statuts-1805-VO.pdf\" target=\"_blank\" rel=\"noopener noreferrer\">Cliquer<\/a>)<\/p>\n<p style=\"text-align: justify;\">D\u2019\u00e9minentes personnalit\u00e9s compt\u00e8rent alors parmi ses membres : Guizot, Alphone Daudet, le po\u00e8te Jean Reboul, le peintre Jules Salles, des arch\u00e9ologues tels qu\u2019Auguste Pelet, Germer-Durand ou Henri Revoil, mais aussi Gaston Boissier, futur Secr\u00e9taire perp\u00e9tuel de l\u2019Acad\u00e9mie fran\u00e7aise, le g\u00e9ologue \u00c9milien Dumas, les math\u00e9maticiens Gergonne et T\u00e9denat, l\u2019astronome Benjamin Valz.<\/p>\n<p style=\"text-align: justify;\">Pendant ce si\u00e8cle l\u2019Acad\u00e9mie loua successivement quatre maisons avant d\u2019\u00eatre h\u00e9berg\u00e9e par la municipalit\u00e9, d\u2019abord dans la biblioth\u00e8que de la ville puis, en 1871, dans la maison des Dames de la Mis\u00e9ricorde, rue Dor\u00e9e.<\/p>\n<h3><a href=\"http:\/\/academiedenimes.org\/site\/wp-content\/uploads\/2011\/11\/academie-origine-programme.jpg\"><img loading=\"lazy\" decoding=\"async\" class=\"size-full wp-image-345 aligncenter\" title=\"academie-origine-programme\" src=\"http:\/\/academiedenimes.org\/site\/wp-content\/uploads\/2011\/11\/academie-origine-programme.jpg\" alt=\"\" width=\"258\" height=\"355\" srcset=\"https:\/\/www.academiedenimes.org\/site\/wp-content\/uploads\/2011\/11\/academie-origine-programme.jpg 258w, https:\/\/www.academiedenimes.org\/site\/wp-content\/uploads\/2011\/11\/academie-origine-programme-218x300.jpg 218w\" sizes=\"auto, (max-width: 258px) 100vw, 258px\" \/><\/a><\/h3>\n<h3><span style=\"color: #993300;\"><strong>Une vitesse de croisi\u00e8re (XXe si\u00e8cle)<\/strong><\/span><\/h3>\n<p style=\"text-align: justify;\">M\u00eame si l\u2019activit\u00e9 se maintient pendant la \u00ab Grande guerre \u00bb, l\u2019Acad\u00e9mie ne fut pas \u00e9pargn\u00e9e : le nombre de membres passa de 60 \u00e0 47 d\u00e8s 1915. Au lendemain de la guerre, plusieurs d\u00e9missions et de nouvelles \u00e9lections renforc\u00e8rent et rajeunirent les rangs.<\/p>\n<p style=\"text-align: justify;\">En 1919 l\u2019Acad\u00e9mie trouve enfin un logement stable. Gr\u00e2ce \u00e0 une souscription, elle acquiert l\u2019h\u00f4tel o\u00f9 elle se tient toujours, 16 rue Dor\u00e9e. Datant du XVIe si\u00e8cle, l\u2019h\u00f4tel de Guiran, r\u00e9sidence de cette famille aux XVIe et XVIIe si\u00e8cle, appel\u00e9 ensuite h\u00f4tel de La Tour, se trouva h\u00e9rit\u00e9 par Adrienne Michel qui le vendit \u00e0 l\u2019Acad\u00e9mie. Le 7 juin 1920 se tint la s\u00e9ance d\u2019inauguration. Plusieurs legs permirent \u00e0 l\u2019Acad\u00e9mie de faire face aux indispensables travaux de la vieille demeure et \u00e0 ses activit\u00e9s : en 1922, M. de Villeperdix fit don de sa biblioth\u00e8que et permit de meubler la salle des s\u00e9ances ; en 1963 la g\u00e9n\u00e9rosit\u00e9 du marquis de Lordat autorisa la restauration de l\u2019h\u00f4tel et renfloua heureusement les finances de la Compagnie ; le don de l\u2019h\u00f4tel Dav\u00e9 enfin, qui permet aujourd\u2019hui \u00e0 l\u2019Acad\u00e9mie d\u2019assurer ses activit\u00e9s.<\/p>\n<p style=\"text-align: justify;\">Pendant tout le si\u00e8cle l\u2019Acad\u00e9mie maintint son activit\u00e9 r\u00e9guli\u00e8re, m\u00eame pendant la seconde Guerre mondiale, pour la tenue de ses s\u00e9ances et la publication de ses M\u00e9moires. Parmi les membres honoraires ou non r\u00e9sidants, nous trouvons des noms prestigieux : Andr\u00e9 Chamson, le duc de Castries, Le Prince-Ringuet, Thierry Maulnier, Paul-Marie Duval, Constantin Vago\u2026<\/p>\n<h3><span style=\"color: #993300;\"><strong>XXIe si\u00e8cle : l\u2019avenir<\/strong><\/span><\/h3>\n<p style=\"text-align: justify;\">Dans cette ligne, faite \u00e0 la fois de continuit\u00e9 et d\u2019adaptation, il appartient aux Acad\u00e9miciens actuels d\u2019\u00e9crire, durant le si\u00e8cle \u00e0 venir, ce que sera l\u2019histoire de cette ancienne institution culturelle.<\/p>\n<p>Pour en savoir plus, consulter : <a title=\"Fichier PDF Tricentenaire\" href=\"http:\/\/academiedenimes.org\/site\/wp-content\/uploads\/2011\/11\/Trientenaire.pdf\" target=\"_blank\" rel=\"noopener noreferrer\">Tricentenaire.pdf<\/a><\/p>\n","protected":false},"excerpt":{"rendered":"<p>L\u2019Acad\u00e9mie de N\u00eemes a vu le jour en 1682. Elle est l\u2019une des plus anciennes de France, apr\u00e8s l\u2019Acad\u00e9mie Fran\u00e7aise cr\u00e9\u00e9e en 1635, l\u2019Acad\u00e9mie d\u2019Arles en 1668. Selon L\u00e9on M\u00e9nard, historien n\u00eemois du XVIIIe si\u00e8cle, \u00ab quelques personnes d\u2019esprit et de savoir, vers le milieu du XVIIe si\u00e8cle, s\u2019assemblaient \u00e0 des heures r\u00e9gl\u00e9es et conf\u00e9raient &#8230; <a title=\"Origine\" class=\"read-more\" href=\"https:\/\/www.academiedenimes.org\/site\/historique\/origine\/\" aria-label=\"En savoir plus sur Origine\">Lire plus<\/a><\/p>\n","protected":false},"author":1,"featured_media":0,"parent":258,"menu_order":0,"comment_status":"closed","ping_status":"closed","template":"","meta":{"footnotes":""},"class_list":["post-260","page","type-page","status-publish"],"_links":{"self":[{"href":"https:\/\/www.academiedenimes.org\/site\/wp-json\/wp\/v2\/pages\/260","targetHints":{"allow":["GET"]}}],"collection":[{"href":"https:\/\/www.academiedenimes.org\/site\/wp-json\/wp\/v2\/pages"}],"about":[{"href":"https:\/\/www.academiedenimes.org\/site\/wp-json\/wp\/v2\/types\/page"}],"author":[{"embeddable":true,"href":"https:\/\/www.academiedenimes.org\/site\/wp-json\/wp\/v2\/users\/1"}],"replies":[{"embeddable":true,"href":"https:\/\/www.academiedenimes.org\/site\/wp-json\/wp\/v2\/comments?post=260"}],"version-history":[{"count":1,"href":"https:\/\/www.academiedenimes.org\/site\/wp-json\/wp\/v2\/pages\/260\/revisions"}],"predecessor-version":[{"id":8763,"href":"https:\/\/www.academiedenimes.org\/site\/wp-json\/wp\/v2\/pages\/260\/revisions\/8763"}],"up":[{"embeddable":true,"href":"https:\/\/www.academiedenimes.org\/site\/wp-json\/wp\/v2\/pages\/258"}],"wp:attachment":[{"href":"https:\/\/www.academiedenimes.org\/site\/wp-json\/wp\/v2\/media?parent=260"}],"curies":[{"name":"wp","href":"https:\/\/api.w.org\/{rel}","templated":true}]}}