{"id":258,"date":"2011-10-11T12:23:44","date_gmt":"2011-10-11T12:23:44","guid":{"rendered":"http:\/\/academiedenimes.org\/_\/?page_id=258"},"modified":"2023-05-18T13:03:34","modified_gmt":"2023-05-18T13:03:34","slug":"historique","status":"publish","type":"page","link":"https:\/\/www.academiedenimes.org\/site\/historique\/","title":{"rendered":"Historique"},"content":{"rendered":"<p>Cette page d\u00e9crit principalement quatre rubriques :<\/p>\n<ul>\n<li>Visite de l&rsquo;H\u00f4tel de l&rsquo;Acad\u00e9mie : <a href=\"http:\/\/academiedenimes.org\/site\/historique\/au-fil-du-temps\/\">cliquer<\/a><\/li>\n<li>Origine de l\u2019Acad\u00e9mie : <a href=\"http:\/\/academiedenimes.org\/site\/historique\/origine\/\">cliquer<\/a><\/li>\n<li>Les Lettres patentes. <a href=\"https:\/\/www.academiedenimes.org\/site\/wp-content\/uploads\/Lettres-patentes-1-scaled.jpg\" target=\"_blank\" rel=\"noopener\">Cliquer<\/a><\/li>\n<li>Les principaux acad\u00e9miciens c\u00e9l\u00e8bres : <a href=\"http:\/\/academiedenimes.org\/site\/historique\/les-academiciens-celebres\/\">cliquer<\/a><\/li>\n<li>La liste des pr\u00e9sidents et secr\u00e9taires perp\u00e9tuels : <a href=\"https:\/\/www.academiedenimes.org\/site\/presidents-et-secretaires-perpetuels\/\" target=\"_blank\" rel=\"noopener noreferrer\">cliquer<\/a><\/li>\n<\/ul>\n","protected":false},"excerpt":{"rendered":"<p>Cette page d\u00e9crit principalement quatre rubriques : Visite de l&rsquo;H\u00f4tel de l&rsquo;Acad\u00e9mie : cliquer Origine de l\u2019Acad\u00e9mie : cliquer Les Lettres patentes. Cliquer Les principaux acad\u00e9miciens c\u00e9l\u00e8bres : cliquer La liste des pr\u00e9sidents et secr\u00e9taires perp\u00e9tuels : cliquer<\/p>\n","protected":false},"author":1,"featured_media":0,"parent":0,"menu_order":0,"comment_status":"closed","ping_status":"closed","template":"","meta":{"footnotes":""},"class_list":["post-258","page","type-page","status-publish"],"_links":{"self":[{"href":"https:\/\/www.academiedenimes.org\/site\/wp-json\/wp\/v2\/pages\/258","targetHints":{"allow":["GET"]}}],"collection":[{"href":"https:\/\/www.academiedenimes.org\/site\/wp-json\/wp\/v2\/pages"}],"about":[{"href":"https:\/\/www.academiedenimes.org\/site\/wp-json\/wp\/v2\/types\/page"}],"author":[{"embeddable":true,"href":"https:\/\/www.academiedenimes.org\/site\/wp-json\/wp\/v2\/users\/1"}],"replies":[{"embeddable":true,"href":"https:\/\/www.academiedenimes.org\/site\/wp-json\/wp\/v2\/comments?post=258"}],"version-history":[{"count":2,"href":"https:\/\/www.academiedenimes.org\/site\/wp-json\/wp\/v2\/pages\/258\/revisions"}],"predecessor-version":[{"id":8502,"href":"https:\/\/www.academiedenimes.org\/site\/wp-json\/wp\/v2\/pages\/258\/revisions\/8502"}],"wp:attachment":[{"href":"https:\/\/www.academiedenimes.org\/site\/wp-json\/wp\/v2\/media?parent=258"}],"curies":[{"name":"wp","href":"https:\/\/api.w.org\/{rel}","templated":true}]}}