{"id":256,"date":"2011-10-11T12:21:07","date_gmt":"2011-10-11T12:21:07","guid":{"rendered":"http:\/\/academiedenimes.org\/_\/?page_id=256"},"modified":"2025-04-29T08:08:58","modified_gmt":"2025-04-29T07:08:58","slug":"le-prix-de-lacademie","status":"publish","type":"page","link":"https:\/\/www.academiedenimes.org\/site\/activites\/le-prix-de-lacademie\/","title":{"rendered":"Le prix de l&rsquo;Acad\u00e9mie"},"content":{"rendered":"<p><span style=\"color: #000000;\">Depuis 2000, un prix est d\u00e9cern\u00e9 tous les deux ans, \u00e0 un jeune talent dans le domaine litt\u00e9raire.<\/span><\/p>\n<p>Affiche 2025: <a href=\"https:\/\/www.academiedenimes.org\/site\/wp-content\/uploads\/Affiche-Issoire-2025.pdf\" target=\"_blank\" rel=\"noopener\">cliquer<\/a><\/p>\n<p>R\u00e8glement: \u00a0<a href=\"https:\/\/www.academiedenimes.org\/site\/wp-content\/uploads\/Reglement-du-Prix-Issoire.pdf\" target=\"_blank\" rel=\"noopener\">cliquer<\/a><\/p>\n","protected":false},"excerpt":{"rendered":"<p>Depuis 2000, un prix est d\u00e9cern\u00e9 tous les deux ans, \u00e0 un jeune talent dans le domaine litt\u00e9raire. Affiche 2025: cliquer R\u00e8glement: \u00a0cliquer<\/p>\n","protected":false},"author":1,"featured_media":0,"parent":7,"menu_order":0,"comment_status":"closed","ping_status":"closed","template":"","meta":{"footnotes":""},"class_list":["post-256","page","type-page","status-publish"],"_links":{"self":[{"href":"https:\/\/www.academiedenimes.org\/site\/wp-json\/wp\/v2\/pages\/256","targetHints":{"allow":["GET"]}}],"collection":[{"href":"https:\/\/www.academiedenimes.org\/site\/wp-json\/wp\/v2\/pages"}],"about":[{"href":"https:\/\/www.academiedenimes.org\/site\/wp-json\/wp\/v2\/types\/page"}],"author":[{"embeddable":true,"href":"https:\/\/www.academiedenimes.org\/site\/wp-json\/wp\/v2\/users\/1"}],"replies":[{"embeddable":true,"href":"https:\/\/www.academiedenimes.org\/site\/wp-json\/wp\/v2\/comments?post=256"}],"version-history":[{"count":14,"href":"https:\/\/www.academiedenimes.org\/site\/wp-json\/wp\/v2\/pages\/256\/revisions"}],"predecessor-version":[{"id":9613,"href":"https:\/\/www.academiedenimes.org\/site\/wp-json\/wp\/v2\/pages\/256\/revisions\/9613"}],"up":[{"embeddable":true,"href":"https:\/\/www.academiedenimes.org\/site\/wp-json\/wp\/v2\/pages\/7"}],"wp:attachment":[{"href":"https:\/\/www.academiedenimes.org\/site\/wp-json\/wp\/v2\/media?parent=256"}],"curies":[{"name":"wp","href":"https:\/\/api.w.org\/{rel}","templated":true}]}}