{"id":254,"date":"2011-10-11T12:20:44","date_gmt":"2011-10-11T12:20:44","guid":{"rendered":"http:\/\/academiedenimes.org\/_\/?page_id=254"},"modified":"2022-05-24T13:06:34","modified_gmt":"2022-05-24T13:06:34","slug":"relations-et-echanges","status":"publish","type":"page","link":"https:\/\/www.academiedenimes.org\/site\/activites\/relations-et-echanges\/","title":{"rendered":"Relations et \u00e9changes"},"content":{"rendered":"<p>L\u2019Acad\u00e9mie a mis en place une politique d\u2019\u00e9changes de publications avec 106 Acad\u00e9mies et Soci\u00e9t\u00e9s Savantes.<\/p>\n<p>La <span style=\"color: #ff6600;\">Conf\u00e9rence Nationale des Acad\u00e9mies des Sciences, Lettres et Arts<\/span> \u2013 CNA &#8211; regroupe, sous l\u2019\u00e9gide de l\u2019Institut de France,\u00a0 les Acad\u00e9mies de province pr\u00e9sentant des caract\u00e9ristiques communes : anciennet\u00e9, objectifs, r\u00e8gles de fonctionnement, rayonnement local.<\/p>\n<p>Trente-deux acad\u00e9mies dont l\u2019Acad\u00e9mie de N\u00eemes appartiennent \u00e0 la CNA. Pour consulter le site, il suffit de cliquer :\u00a0\u00a0\u00a0 <a href=\"https:\/\/www.academies-cna.fr\/\" target=\"_blank\" rel=\"noopener\">https:\/\/www.academies-cna.fr\/<\/a><\/p>\n","protected":false},"excerpt":{"rendered":"<p>L\u2019Acad\u00e9mie a mis en place une politique d\u2019\u00e9changes de publications avec 106 Acad\u00e9mies et Soci\u00e9t\u00e9s Savantes. La Conf\u00e9rence Nationale des Acad\u00e9mies des Sciences, Lettres et Arts \u2013 CNA &#8211; regroupe, sous l\u2019\u00e9gide de l\u2019Institut de France,\u00a0 les Acad\u00e9mies de province pr\u00e9sentant des caract\u00e9ristiques communes : anciennet\u00e9, objectifs, r\u00e8gles de fonctionnement, rayonnement local. Trente-deux acad\u00e9mies dont &#8230; <a title=\"Relations et \u00e9changes\" class=\"read-more\" href=\"https:\/\/www.academiedenimes.org\/site\/activites\/relations-et-echanges\/\" aria-label=\"En savoir plus sur Relations et \u00e9changes\">Lire plus<\/a><\/p>\n","protected":false},"author":1,"featured_media":0,"parent":7,"menu_order":0,"comment_status":"closed","ping_status":"closed","template":"page-templates\/full-width.php","meta":{"footnotes":""},"class_list":["post-254","page","type-page","status-publish"],"_links":{"self":[{"href":"https:\/\/www.academiedenimes.org\/site\/wp-json\/wp\/v2\/pages\/254","targetHints":{"allow":["GET"]}}],"collection":[{"href":"https:\/\/www.academiedenimes.org\/site\/wp-json\/wp\/v2\/pages"}],"about":[{"href":"https:\/\/www.academiedenimes.org\/site\/wp-json\/wp\/v2\/types\/page"}],"author":[{"embeddable":true,"href":"https:\/\/www.academiedenimes.org\/site\/wp-json\/wp\/v2\/users\/1"}],"replies":[{"embeddable":true,"href":"https:\/\/www.academiedenimes.org\/site\/wp-json\/wp\/v2\/comments?post=254"}],"version-history":[{"count":1,"href":"https:\/\/www.academiedenimes.org\/site\/wp-json\/wp\/v2\/pages\/254\/revisions"}],"predecessor-version":[{"id":7663,"href":"https:\/\/www.academiedenimes.org\/site\/wp-json\/wp\/v2\/pages\/254\/revisions\/7663"}],"up":[{"embeddable":true,"href":"https:\/\/www.academiedenimes.org\/site\/wp-json\/wp\/v2\/pages\/7"}],"wp:attachment":[{"href":"https:\/\/www.academiedenimes.org\/site\/wp-json\/wp\/v2\/media?parent=254"}],"curies":[{"name":"wp","href":"https:\/\/api.w.org\/{rel}","templated":true}]}}