{"id":252,"date":"2011-10-11T12:20:12","date_gmt":"2011-10-11T12:20:12","guid":{"rendered":"http:\/\/academiedenimes.org\/_\/?page_id=252"},"modified":"2022-11-12T17:16:14","modified_gmt":"2022-11-12T17:16:14","slug":"publications-memoires-et-bulletins","status":"publish","type":"page","link":"https:\/\/www.academiedenimes.org\/site\/activites\/publications-memoires-et-bulletins\/","title":{"rendered":"Publications"},"content":{"rendered":"<p><span style=\"color: #ff0000;\">\u00a0\u00a0\u00a0\u00a0 1- Toutes les communications<\/span> peuvent \u00eatre consult\u00e9es depuis un fichier excel d\u00e9nomm\u00e9: <em>Index des communications depuis 1756.<\/em><\/p>\n<p>Pour consulter ce fichier et la version num\u00e9rique des <em>M\u00e9moires<\/em>,<\/p>\n<p>cliquer sur\u00a0 l\u2019onglet\u00a0 <strong><span style=\"color: #ff6600;\">Archives<\/span><\/strong><\/p>\n<p>puis en utilisant l\u2019ascenseur, cliquer sur\u00a0 <em><strong><span style=\"color: #ff6600;\">Mise en ligne des M\u00e9moires.<\/span><\/strong><br \/>\n<\/em><\/p>\n<p>Tous les volumes des M\u00e9moires ont \u00e9t\u00e9 num\u00e9ris\u00e9s et sont donc consultables sur le m\u00eame onglet.<\/p>\n<p><span style=\"color: #ff0000;\">2- Les Bulletins<\/span> retracent la vie acad\u00e9mique et ont \u00e9t\u00e9 \u00e9galement num\u00e9ris\u00e9s. Ils sont consultables sur la page Archives.<\/p>\n<p>cliquer sur\u00a0 l\u2019onglet\u00a0 <strong><span style=\"color: #ff6600;\">Archives<\/span><\/strong><\/p>\n<p>puis en utilisant l\u2019ascenseur, cliquer sur\u00a0 <strong><span style=\"color: #ff6600;\"><em>Mise en ligne des Bulletins.<\/em><\/span><\/strong><\/p>\n<p><span style=\"color: #ff0000;\">3-<\/span> <span style=\"color: #ff0000;\">Pour consulter le dernier ouvrage collectif<\/span>\u00a0 <strong><em><span style=\"color: #008080;\">\u00ab\u00a0N\u00eemes vue par les Acad\u00e9miciens\u00a0\u00bb<\/span><\/em><\/strong>, il est disponible en cliquant\u00a0 <a href=\"https:\/\/books.google.fr\/books?id=px2IEAAAQBAJ&amp;printsec=frontcover&amp;hl=fr#v=onepage&amp;q&amp;f=false\" target=\"_blank\" rel=\"noopener\"><strong><span style=\"color: #ff0000;\">ic<\/span><\/strong><strong><span style=\"color: #ff0000;\">i<\/span><\/strong><strong><span style=\"color: #ff0000;\">.<\/span><\/strong><\/a><br \/>\nIl est aussi disponible depuis la page Archives.<\/p>\n","protected":false},"excerpt":{"rendered":"<p>\u00a0\u00a0\u00a0\u00a0 1- Toutes les communications peuvent \u00eatre consult\u00e9es depuis un fichier excel d\u00e9nomm\u00e9: Index des communications depuis 1756. Pour consulter ce fichier et la version num\u00e9rique des M\u00e9moires, cliquer sur\u00a0 l\u2019onglet\u00a0 Archives puis en utilisant l\u2019ascenseur, cliquer sur\u00a0 Mise en ligne des M\u00e9moires. Tous les volumes des M\u00e9moires ont \u00e9t\u00e9 num\u00e9ris\u00e9s et sont donc consultables &#8230; <a title=\"Publications\" class=\"read-more\" href=\"https:\/\/www.academiedenimes.org\/site\/activites\/publications-memoires-et-bulletins\/\" aria-label=\"En savoir plus sur Publications\">Lire plus<\/a><\/p>\n","protected":false},"author":1,"featured_media":0,"parent":7,"menu_order":0,"comment_status":"closed","ping_status":"closed","template":"page-templates\/full-width.php","meta":{"footnotes":""},"class_list":["post-252","page","type-page","status-publish"],"_links":{"self":[{"href":"https:\/\/www.academiedenimes.org\/site\/wp-json\/wp\/v2\/pages\/252","targetHints":{"allow":["GET"]}}],"collection":[{"href":"https:\/\/www.academiedenimes.org\/site\/wp-json\/wp\/v2\/pages"}],"about":[{"href":"https:\/\/www.academiedenimes.org\/site\/wp-json\/wp\/v2\/types\/page"}],"author":[{"embeddable":true,"href":"https:\/\/www.academiedenimes.org\/site\/wp-json\/wp\/v2\/users\/1"}],"replies":[{"embeddable":true,"href":"https:\/\/www.academiedenimes.org\/site\/wp-json\/wp\/v2\/comments?post=252"}],"version-history":[{"count":9,"href":"https:\/\/www.academiedenimes.org\/site\/wp-json\/wp\/v2\/pages\/252\/revisions"}],"predecessor-version":[{"id":7809,"href":"https:\/\/www.academiedenimes.org\/site\/wp-json\/wp\/v2\/pages\/252\/revisions\/7809"}],"up":[{"embeddable":true,"href":"https:\/\/www.academiedenimes.org\/site\/wp-json\/wp\/v2\/pages\/7"}],"wp:attachment":[{"href":"https:\/\/www.academiedenimes.org\/site\/wp-json\/wp\/v2\/media?parent=252"}],"curies":[{"name":"wp","href":"https:\/\/api.w.org\/{rel}","templated":true}]}}