{"id":248,"date":"2011-10-11T12:14:57","date_gmt":"2011-10-11T12:14:57","guid":{"rendered":"http:\/\/academiedenimes.org\/_\/?page_id=248"},"modified":"2025-05-26T10:14:29","modified_gmt":"2025-05-26T09:14:29","slug":"bibliotheque-et-archives","status":"publish","type":"page","link":"https:\/\/www.academiedenimes.org\/site\/bibliotheque-et-archives\/","title":{"rendered":"Biblioth\u00e8que et archives"},"content":{"rendered":"<p><span style=\"color: #000000;\">La <strong>biblioth\u00e8que et les archives de l&rsquo;Acad\u00e9mie<\/strong> sont ouvertes aux chercheurs de tous niveaux. Ces derniers sont re\u00e7us lors de la permanence sur rendez-vous.<\/span><\/p>\n<p><span style=\"color: #000000;\">Les collections de cette biblioth\u00e8que sont consultables sur le site de la biblioth\u00e8que municipale \u00ab Carr\u00e9 d&rsquo;Art \u00bb \u00e0 l\u2019adresse : <a style=\"color: #000000;\" title=\"Biblioth\u00e8que Carr\u00e9 d'Art\" href=\"http:\/\/bibliotheque.nimes.fr\/\" target=\"_blank\" rel=\"noopener noreferrer\">http:\/\/bibliotheque.nimes.fr\/<\/a> . La page est ensuite accessible avec l\u2019onglet \u00ab Acc\u00e8s catalogue \u00bb.<\/span><\/p>\n<p><span style=\"color: #000000;\"><strong>La biblioth\u00e8que est ouverte tous les mardis de 14h \u00e0 17h et tous les vendredis de 14h \u00e0 16h du\u00a01er octobre au 30 juin.<\/strong><\/span><\/p>\n<p><span style=\"color: #ff0000;\"><strong>Pr\u00e9sentation de la biblioth\u00e8que par Didier Travier.<\/strong><\/span><\/p>\n<p><span style=\"color: #0000ff;\">Pour en savoir davantage. <a href=\"https:\/\/histoirelivre.hypotheses.org\/2172\" target=\"_blank\" rel=\"noopener\"><strong>cliquer ici<\/strong><\/a><\/span><\/p>\n<p>Comme ce fut le cas pour beaucoup d\u2019institutions d\u2019Ancien R\u00e9gime, la biblioth\u00e8que de l\u2019Acad\u00e9mie de N\u00eemes \u2013 qui s\u2019\u00e9tait consid\u00e9rablement enrichie par la donation des collections de son Secr\u00e9taire perp\u00e9tuel, le botaniste et \u00e9pigraphiste Jean-Fran\u00e7ois S\u00e9guier (1703-1784) \u2013 a \u00e9t\u00e9 confisqu\u00e9e au moment de la R\u00e9volution fran\u00e7aise. Le fonds ancien de l\u2019Acad\u00e9mie se trouve donc aujourd\u2019hui \u00e0 la Biblioth\u00e8que municipale de N\u00eemes. La biblioth\u00e8que actuelle, qui compte au catalogue informatis\u00e9 un peu plus de 8000 notices et occupe une partie du premier \u00e9tage de l\u2019h\u00f4tel de l\u2019Acad\u00e9mie, a donc \u00e9t\u00e9 reconstitu\u00e9e au cours des 19<sup>e<\/sup> et 20<sup>e<\/sup> si\u00e8cle.<\/p>\n<p>Les collections proviennent essentiellement de dons puisqu\u2019il est d\u2019usage que les Acad\u00e9miciens remettent \u00e0 la biblioth\u00e8que un exemplaire de chacune des publications auxquelles ils contribuent. Il n\u2019est pas rare non plus qu\u2019au d\u00e9c\u00e8s d\u2019un membre, l\u2019Acad\u00e9mie re\u00e7oive tout ou partie de sa biblioth\u00e8que. Ce fut par exemple le cas en 1922 pour celle du commandant Raymond Plantin de Villeperdrix partag\u00e9e entre l\u2019Acad\u00e9mie et le Mus\u00e9e arch\u00e9ologique. Enfin, les p\u00e9riodiques re\u00e7us par \u00e9change avec d\u2019autres soci\u00e9t\u00e9s savantes constituent une source d\u2019accroissement importante. Il y en a actuellement 94.<\/p>\n<p>Du fait de son histoire, le livre ancien occupe une place modeste dans la biblioth\u00e8que de l\u2019Acad\u00e9mie. Moins de 4% des titres y sont ant\u00e9rieurs \u00e0 1810, les collections se partageant en deux parts \u00e9gales entre un grand 19<sup>e<\/sup> si\u00e8cle (jusqu\u2019en 1914) et le 20<sup>e<\/sup> si\u00e8cle jusqu\u2019\u00e0 nos jours (48% chacune). Cela n\u2019emp\u00eache pas la pr\u00e9sence de quelques raret\u00e9s comme cet ouvrage de pol\u00e9mique anti protestante, <em>L&rsquo;Ecriture abandonn\u00e9e par les ministres de la religion pr\u00e9tendue r\u00e9form\u00e9e<\/em>, publi\u00e9 \u00e0 N\u00eemes en 1658 par un magistrat de la ville, Claude de Bane, issu d\u2019une famille protestante mais converti lui-m\u00eame au catholicisme. Le Catalogue collectif de France n\u2019en recense que deux exemplaires \u00e0 Avignon et Montpellier. Ou encore une rarissime brochure \u2013 elle n\u2019est connue au Catalogue collectif de France que par les deux exemplaires de la Mazarine \u2013 intitul\u00e9e <em>Histoire admirable d\u2019un faux et suppos\u00e9 mari<\/em>. Il s\u2019agit du r\u00e9cit de la fameuse histoire de Martin Guerre dans une contrefa\u00e7on du d\u00e9but du 17<sup>e<\/sup> si\u00e8cle.<\/p>\n<p>Les principales ressources de la biblioth\u00e8que se trouvent dans les publications des soci\u00e9t\u00e9s savantes partenaires et les ouvrages et brochures int\u00e9ressant l\u2019histoire locale. Parmi eux, les collections occitanes occupent une place importante. Les documents les plus anciens dans ce domaine sont l\u2019\u00e9dition de 1638 du <em>Ramelet moundi<\/em> de Pierre Goudelin et <em>Le tableu de la bido del parfet crestia<\/em>, livre de pi\u00e9t\u00e9 toulousain mill\u00e9sim\u00e9 1673, l\u2019\u00e9dition originale datant de l\u2019ann\u00e9e pr\u00e9c\u00e9dente. Mais c\u2019est surtout le mouvement f\u00e9libr\u00e9en qui est repr\u00e9sent\u00e9 par plusieurs centaines de titres, provenant notamment de la biblioth\u00e8que de Fernand Devize l\u00e9gu\u00e9e en 1928, elle-m\u00eame h\u00e9riti\u00e8re de celle de l\u2019\u00e9crivain proven\u00e7al Baptiste Bonnet (1844-1925), natif de Bellegarde dans le Gard. Parmi les pi\u00e8ces remarquables de cet ensemble, il faut citer les carnets manuscrits du f\u00e9libre n\u00eemois Louis Roumieux (1829-1894).<\/p>\n<p>Parmi les pi\u00e8ces manuscrites, on peut encore mentionner un <em>Cours d\u2019architecture<\/em> profess\u00e9 entre 1787 et 1792 \u00e0 l\u2019Ecole des Ponts et Chauss\u00e9es de Montpellier par Charles Durand, qui, comme ing\u00e9nieur du d\u00e9partement du Gard, jouera un r\u00f4le d\u00e9cisif dans les am\u00e9nagements urbains de N\u00eemes au d\u00e9but du 19<sup>e<\/sup> si\u00e8cle. Dans le domaine du patrimoine graphique, il convient de signaler, m\u00eame s\u2019ils ne sont pas int\u00e9gr\u00e9s \u00e0 la biblioth\u00e8que <em>stricto sensu<\/em>, la fascinante collection iconographique relative au comte de Chambord r\u00e9unie par Henry Bauquier, le fondateur du Mus\u00e9e du Vieux-N\u00eemes, et donn\u00e9e \u00e0 l\u2019Acad\u00e9mie en 1943, ainsi que le fonds Filleron-Lorin comprenant 44\u00a0700 cartes postales anciennes, concernant principalement des \u00e9difices religieux.<\/p>\n<p>Une convention pass\u00e9e en 2001 avec la Ville de N\u00eemes a permis l\u2019informatisation initiale du fonds. Depuis les nouvelles entr\u00e9es sont catalogu\u00e9es par les biblioth\u00e9caires de la Ville et int\u00e9gr\u00e9es dans un catalogue commun (<a href=\"http:\/\/cat-bib.nimes.fr\">http:\/\/cat-bib.nimes.fr<\/a>). Un travail de signalement comparable est effectu\u00e9 par Gabriel Audisio et son \u00e9quipe pour le recensement des archives de l\u2019institution, un inventaire sous Excel \u00e9tant r\u00e9guli\u00e8rement mis \u00e0 jour sur le site. Cette volont\u00e9 de la part de l\u2019Acad\u00e9mie de faciliter l\u2019acc\u00e8s \u00e0 ses ressources a \u00e9galement inspir\u00e9 l\u2019op\u00e9ration de num\u00e9risation de ses propres publications, op\u00e9ration men\u00e9e avec beaucoup de d\u00e9termination par le Secr\u00e9taire perp\u00e9tuel, Alain Aventurier. Aujourd\u2019hui, l\u2019ensemble des <em>M\u00e9moires<\/em> est consultable en ligne sur le site de l\u2019Acad\u00e9mie. Il en est de m\u00eame pour les <em>Bulletins<\/em>.<\/p>\n<p>Le grand public peut d\u00e9couvrir la biblioth\u00e8que \u00e0 l\u2019occasion des Journ\u00e9es du Patrimoine. L\u2019Acad\u00e9mie s\u2019efforce \u00e9galement de s\u2019associer \u00e0 des op\u00e9rations de valorisation \u00e0 l\u2019ext\u00e9rieur de ses murs. Ainsi, \u00e0 l\u2019\u00e9t\u00e9 2018, une exposition faisant conna\u00eetre le fonds de cartes postales a \u00e9t\u00e9 pr\u00e9sent\u00e9e \u00e0 la biblioth\u00e8que municipale dans le cadre d\u2019un programme plus vaste consacr\u00e9 \u00e0 la photographie. L\u2019acc\u00e8s \u00e0 la biblioth\u00e8que est ouvert aux membres de l\u2019Acad\u00e9mie ainsi qu\u2019aux chercheurs ext\u00e9rieurs qui en font la demande. Ils sont accueillis, aux heures de permanence, par Jean-Louis Meunier, rapporteur de la commission de la biblioth\u00e8que, et d\u2019autres confr\u00e8res.<\/p>\n<p>Comme toute biblioth\u00e8que, celle de l\u2019Acad\u00e9mie tend \u00e0 se remplir et \u00e0 manquer de place. Ce probl\u00e8me mat\u00e9riel est en passe d\u2019\u00eatre r\u00e9solu gr\u00e2ce \u00e0 l\u2019am\u00e9nagement en cours de deux nouvelles pi\u00e8ces. Le d\u00e9veloppement de l\u2019usage est plus complexe. Il suppose, outre l\u2019effort de signalement et de valorisation d\u00e9j\u00e0 indiqu\u00e9, l\u2019\u00e9tablissement de liens plus resserr\u00e9s avec l\u2019Universit\u00e9, ce qui a commenc\u00e9 \u00e0 se faire. Des num\u00e9risations cibl\u00e9es, compl\u00e9mentaires de celles de la biblioth\u00e8que municipale et conjointes \u00e0 elles, sont \u00e9galement \u00e0 programmer pour faire conna\u00eetre les fonds les plus sp\u00e9cifiques.<\/p>\n<p>&nbsp;<\/p>\n","protected":false},"excerpt":{"rendered":"<p>La biblioth\u00e8que et les archives de l&rsquo;Acad\u00e9mie sont ouvertes aux chercheurs de tous niveaux. Ces derniers sont re\u00e7us lors de la permanence sur rendez-vous. Les collections de cette biblioth\u00e8que sont consultables sur le site de la biblioth\u00e8que municipale \u00ab Carr\u00e9 d&rsquo;Art \u00bb \u00e0 l\u2019adresse : http:\/\/bibliotheque.nimes.fr\/ . La page est ensuite accessible avec l\u2019onglet \u00ab &#8230; <a title=\"Biblioth\u00e8que et archives\" class=\"read-more\" href=\"https:\/\/www.academiedenimes.org\/site\/bibliotheque-et-archives\/\" aria-label=\"En savoir plus sur Biblioth\u00e8que et archives\">Lire plus<\/a><\/p>\n","protected":false},"author":1,"featured_media":0,"parent":0,"menu_order":0,"comment_status":"closed","ping_status":"closed","template":"","meta":{"footnotes":""},"class_list":["post-248","page","type-page","status-publish"],"_links":{"self":[{"href":"https:\/\/www.academiedenimes.org\/site\/wp-json\/wp\/v2\/pages\/248","targetHints":{"allow":["GET"]}}],"collection":[{"href":"https:\/\/www.academiedenimes.org\/site\/wp-json\/wp\/v2\/pages"}],"about":[{"href":"https:\/\/www.academiedenimes.org\/site\/wp-json\/wp\/v2\/types\/page"}],"author":[{"embeddable":true,"href":"https:\/\/www.academiedenimes.org\/site\/wp-json\/wp\/v2\/users\/1"}],"replies":[{"embeddable":true,"href":"https:\/\/www.academiedenimes.org\/site\/wp-json\/wp\/v2\/comments?post=248"}],"version-history":[{"count":4,"href":"https:\/\/www.academiedenimes.org\/site\/wp-json\/wp\/v2\/pages\/248\/revisions"}],"predecessor-version":[{"id":9682,"href":"https:\/\/www.academiedenimes.org\/site\/wp-json\/wp\/v2\/pages\/248\/revisions\/9682"}],"wp:attachment":[{"href":"https:\/\/www.academiedenimes.org\/site\/wp-json\/wp\/v2\/media?parent=248"}],"curies":[{"name":"wp","href":"https:\/\/api.w.org\/{rel}","templated":true}]}}