{"id":242,"date":"2011-10-11T12:12:17","date_gmt":"2011-10-11T12:12:17","guid":{"rendered":"http:\/\/academiedenimes.org\/_\/?page_id=242"},"modified":"2026-01-05T17:33:11","modified_gmt":"2026-01-05T16:33:11","slug":"le-bureau","status":"publish","type":"page","link":"https:\/\/www.academiedenimes.org\/site\/le-bureau\/","title":{"rendered":"Le Bureau en 2026"},"content":{"rendered":"<p>&nbsp;<\/p>\n<p><strong>Pr\u00e9sident d\u2019honneur :<\/strong> M. J\u00e9r\u00f4me BONET,\u00a0 Pr\u00e9fet du Gard<\/p>\n<p><strong>Pr\u00e9sident<\/strong>\u00a0: Michel DESPLAN<br \/>\n<strong>Vice pr\u00e9sident<\/strong> : Fr\u00e9d\u00e9ric ABAUZIT<\/p>\n<p><strong>Secr\u00e9taire perp\u00e9tuel<\/strong> : Alain AVENTURIER<br \/>\n<strong>Secr\u00e9taire adjoint<\/strong> : Bernard SIMON<\/p>\n<p><strong>Tr\u00e9sorier<\/strong> : Michel BELIN<br \/>\n<strong>Tr\u00e9sorier adjoint<\/strong> : Alain PENCHINAT<\/p>\n<p><strong>Biblioth\u00e9caire<\/strong> : Didier TRAVIER<\/p>\n<p><strong>Archiviste<\/strong>: Fr\u00e9d\u00e9ric ABAUZIT<\/p>\n<p><strong>\u00a0<\/strong><\/p>\n<p>Conform\u00e9ment aux statuts de l\u2019Acad\u00e9mie de N\u00eemes, la responsabilit\u00e9 de son fonctionnement est confi\u00e9e au Secr\u00e9taire Perp\u00e9tuel.<\/p>\n","protected":false},"excerpt":{"rendered":"<p>&nbsp; Pr\u00e9sident d\u2019honneur : M. J\u00e9r\u00f4me BONET,\u00a0 Pr\u00e9fet du Gard Pr\u00e9sident\u00a0: Michel DESPLAN Vice pr\u00e9sident : Fr\u00e9d\u00e9ric ABAUZIT Secr\u00e9taire perp\u00e9tuel : Alain AVENTURIER Secr\u00e9taire adjoint : Bernard SIMON Tr\u00e9sorier : Michel BELIN Tr\u00e9sorier adjoint : Alain PENCHINAT Biblioth\u00e9caire : Didier TRAVIER Archiviste: Fr\u00e9d\u00e9ric ABAUZIT \u00a0 Conform\u00e9ment aux statuts de l\u2019Acad\u00e9mie de N\u00eemes, la responsabilit\u00e9 de &#8230; <a title=\"Le Bureau en 2026\" class=\"read-more\" href=\"https:\/\/www.academiedenimes.org\/site\/le-bureau\/\" aria-label=\"En savoir plus sur Le Bureau en 2026\">Lire plus<\/a><\/p>\n","protected":false},"author":1,"featured_media":0,"parent":0,"menu_order":0,"comment_status":"closed","ping_status":"closed","template":"","meta":{"footnotes":""},"class_list":["post-242","page","type-page","status-publish"],"_links":{"self":[{"href":"https:\/\/www.academiedenimes.org\/site\/wp-json\/wp\/v2\/pages\/242","targetHints":{"allow":["GET"]}}],"collection":[{"href":"https:\/\/www.academiedenimes.org\/site\/wp-json\/wp\/v2\/pages"}],"about":[{"href":"https:\/\/www.academiedenimes.org\/site\/wp-json\/wp\/v2\/types\/page"}],"author":[{"embeddable":true,"href":"https:\/\/www.academiedenimes.org\/site\/wp-json\/wp\/v2\/users\/1"}],"replies":[{"embeddable":true,"href":"https:\/\/www.academiedenimes.org\/site\/wp-json\/wp\/v2\/comments?post=242"}],"version-history":[{"count":8,"href":"https:\/\/www.academiedenimes.org\/site\/wp-json\/wp\/v2\/pages\/242\/revisions"}],"predecessor-version":[{"id":9934,"href":"https:\/\/www.academiedenimes.org\/site\/wp-json\/wp\/v2\/pages\/242\/revisions\/9934"}],"wp:attachment":[{"href":"https:\/\/www.academiedenimes.org\/site\/wp-json\/wp\/v2\/media?parent=242"}],"curies":[{"name":"wp","href":"https:\/\/api.w.org\/{rel}","templated":true}]}}