{"id":231,"date":"2011-10-11T12:07:46","date_gmt":"2011-10-11T12:07:46","guid":{"rendered":"http:\/\/academiedenimes.org\/_\/?page_id=231"},"modified":"2019-10-06T13:36:37","modified_gmt":"2019-10-06T13:36:37","slug":"organisation-2","status":"publish","type":"page","link":"https:\/\/www.academiedenimes.org\/site\/organisation-2\/","title":{"rendered":"Organisation"},"content":{"rendered":"<p style=\"text-align: center;\"><img loading=\"lazy\" decoding=\"async\" class=\"alignnone  wp-image-5429\" src=\"http:\/\/academiedenimes.org\/site\/wp-content\/uploads\/A.-Aventurier.jpg\" alt=\"\" width=\"160\" height=\"170\" srcset=\"https:\/\/www.academiedenimes.org\/site\/wp-content\/uploads\/A.-Aventurier.jpg 558w, https:\/\/www.academiedenimes.org\/site\/wp-content\/uploads\/A.-Aventurier-283x300.jpg 283w\" sizes=\"auto, (max-width: 160px) 100vw, 160px\" \/><\/p>\n<p>Conform\u00e9ment aux statuts de l\u2019Acad\u00e9mie de N\u00eemes, la responsabilit\u00e9 de son fonctionnement est confi\u00e9e au Secr\u00e9taire Perp\u00e9tuel : <strong>M. Alain Aventurier<\/strong>.<\/p>\n<ul>\n<li>Statuts : <a href=\"http:\/\/academiedenimes.org\/site\/statuts\/\">cliquer<\/a><\/li>\n<li>Composition du Bureau pour l\u2019ann\u00e9e en cours : <a href=\"http:\/\/academiedenimes.org\/site\/le-bureau\/\">cliquer<\/a><\/li>\n<li>Les s\u00e9ances : <a href=\"http:\/\/academiedenimes.org\/site\/les-seances\/\">cliquer<\/a><\/li>\n<li>Les commissions de travail : <a href=\"http:\/\/academiedenimes.org\/site\/les-commissions-de-travail\/\">cliquer<\/a><\/li>\n<li>La biblioth\u00e8que et les archives : <a href=\"http:\/\/academiedenimes.org\/site\/bibliotheque-et-archives\/\">cliquer<\/a><\/li>\n<\/ul>\n","protected":false},"excerpt":{"rendered":"<p>Conform\u00e9ment aux statuts de l\u2019Acad\u00e9mie de N\u00eemes, la responsabilit\u00e9 de son fonctionnement est confi\u00e9e au Secr\u00e9taire Perp\u00e9tuel : M. Alain Aventurier. Statuts : cliquer Composition du Bureau pour l\u2019ann\u00e9e en cours : cliquer Les s\u00e9ances : cliquer Les commissions de travail : cliquer La biblioth\u00e8que et les archives : cliquer<\/p>\n","protected":false},"author":1,"featured_media":0,"parent":0,"menu_order":0,"comment_status":"closed","ping_status":"closed","template":"page-templates\/full-width.php","meta":{"footnotes":""},"class_list":["post-231","page","type-page","status-publish"],"_links":{"self":[{"href":"https:\/\/www.academiedenimes.org\/site\/wp-json\/wp\/v2\/pages\/231","targetHints":{"allow":["GET"]}}],"collection":[{"href":"https:\/\/www.academiedenimes.org\/site\/wp-json\/wp\/v2\/pages"}],"about":[{"href":"https:\/\/www.academiedenimes.org\/site\/wp-json\/wp\/v2\/types\/page"}],"author":[{"embeddable":true,"href":"https:\/\/www.academiedenimes.org\/site\/wp-json\/wp\/v2\/users\/1"}],"replies":[{"embeddable":true,"href":"https:\/\/www.academiedenimes.org\/site\/wp-json\/wp\/v2\/comments?post=231"}],"version-history":[{"count":0,"href":"https:\/\/www.academiedenimes.org\/site\/wp-json\/wp\/v2\/pages\/231\/revisions"}],"wp:attachment":[{"href":"https:\/\/www.academiedenimes.org\/site\/wp-json\/wp\/v2\/media?parent=231"}],"curies":[{"name":"wp","href":"https:\/\/api.w.org\/{rel}","templated":true}]}}