{"id":225,"date":"2011-10-11T12:05:20","date_gmt":"2011-10-11T12:05:20","guid":{"rendered":"http:\/\/academiedenimes.org\/_\/?page_id=225"},"modified":"2026-04-01T07:09:45","modified_gmt":"2026-04-01T06:09:45","slug":"statuts","status":"publish","type":"page","link":"https:\/\/www.academiedenimes.org\/site\/statuts\/","title":{"rendered":"Statuts"},"content":{"rendered":"<div class=\"wpb-content-wrapper\"><p>[vc_row][vc_column][vc_column_text css=\u00a0\u00bb\u00a0\u00bb]<\/p>\n<h3 class=\"MsoNormal\" style=\"background: white none repeat scroll 0% 0%; text-align: center;\" align=\"center\"><span style=\"font-size: 23.0pt; font-family: 'Times New Roman','serif'; color: black; letter-spacing: -.9pt;\">Organisation de l&rsquo;Acad\u00e9mie de N\u00eemes<\/span><\/h3>\n<h3 class=\"MsoNormal\" style=\"background: white none repeat scroll 0% 0%; text-align: center;\" align=\"center\">Statuts et r\u00e8glement &#8211; 2026 : <a href=\"https:\/\/www.academiedenimes.org\/site\/wp-content\/uploads\/ACADEMIE-DE-NIMES-Statuts-et-reglements-2026-int-v2-BAT.pdf\" target=\"_blank\" rel=\"noopener\">Cliquer<\/a><\/h3>\n<div id=\"ftn1\" style=\"mso-element: footnote;\">\n<h3 style=\"text-align: center;\"><\/h3>\n<\/div>\n<p>[\/vc_column_text][\/vc_column][\/vc_row]<\/p>\n<\/div>","protected":false},"excerpt":{"rendered":"<p>[vc_row][vc_column][vc_column_text css=\u00a0\u00bb\u00a0\u00bb] Organisation de l&rsquo;Acad\u00e9mie de N\u00eemes Statuts et r\u00e8glement &#8211; 2026 : Cliquer [\/vc_column_text][\/vc_column][\/vc_row]<\/p>\n","protected":false},"author":1,"featured_media":0,"parent":0,"menu_order":0,"comment_status":"closed","ping_status":"closed","template":"","meta":{"footnotes":""},"class_list":["post-225","page","type-page","status-publish"],"_links":{"self":[{"href":"https:\/\/www.academiedenimes.org\/site\/wp-json\/wp\/v2\/pages\/225","targetHints":{"allow":["GET"]}}],"collection":[{"href":"https:\/\/www.academiedenimes.org\/site\/wp-json\/wp\/v2\/pages"}],"about":[{"href":"https:\/\/www.academiedenimes.org\/site\/wp-json\/wp\/v2\/types\/page"}],"author":[{"embeddable":true,"href":"https:\/\/www.academiedenimes.org\/site\/wp-json\/wp\/v2\/users\/1"}],"replies":[{"embeddable":true,"href":"https:\/\/www.academiedenimes.org\/site\/wp-json\/wp\/v2\/comments?post=225"}],"version-history":[{"count":3,"href":"https:\/\/www.academiedenimes.org\/site\/wp-json\/wp\/v2\/pages\/225\/revisions"}],"predecessor-version":[{"id":10124,"href":"https:\/\/www.academiedenimes.org\/site\/wp-json\/wp\/v2\/pages\/225\/revisions\/10124"}],"wp:attachment":[{"href":"https:\/\/www.academiedenimes.org\/site\/wp-json\/wp\/v2\/media?parent=225"}],"curies":[{"name":"wp","href":"https:\/\/api.w.org\/{rel}","templated":true}]}}