{"id":2011,"date":"2014-02-06T15:42:29","date_gmt":"2014-02-06T15:42:29","guid":{"rendered":"http:\/\/academiedenimes.org\/_\/?page_id=2011"},"modified":"2026-03-15T16:34:24","modified_gmt":"2026-03-15T15:34:24","slug":"archives","status":"publish","type":"page","link":"https:\/\/www.academiedenimes.org\/site\/archives\/","title":{"rendered":"Archives"},"content":{"rendered":"<div class=\"wpb-content-wrapper\"><p>[vc_row][vc_column][vc_tta_tour style=\u00a0\u00bbflat\u00a0\u00bb shape=\u00a0\u00bbsquare\u00a0\u00bb active_section=\u00a0\u00bb1&Prime; no_fill_content_area=\u00a0\u00bbtrue\u00a0\u00bb][vc_tta_section i_position=\u00a0\u00bbright\u00a0\u00bb i_icon_fontawesome=\u00a0\u00bbfas fa-angle-down\u00a0\u00bb add_icon=\u00a0\u00bbtrue\u00a0\u00bb title=\u00a0\u00bbMise en ligne :\u00a0\u00bb tab_id=\u00a0\u00bb1657527179149-db9c96c1-4ae7&Prime;][vc_column_text css=\u00a0\u00bb\u00a0\u00bb]<\/p>\n<ul>\n<li><strong>Index des communications: <\/strong><a href=\"https:\/\/www.academiedenimes.org\/site\/wp-content\/uploads\/Les-communications-en-2024-V0-Index-des-communications-Octobre-2025.xls\" target=\"_blank\" rel=\"noopener\">Cliquer<\/a><\/li>\n<li><strong>M\u00e9moires :<\/strong> <a href=\"https:\/\/communication.academiedenimes.org\/\">Cliquer<\/a><\/li>\n<li><strong>Bulletins :<\/strong> <a href=\"https:\/\/bulletin.academiedenimes.org\/\">Cliquer<\/a><\/li>\n<\/ul>\n<p><span style=\"color: #0000ff;\"><strong>Fiche pour une proposition de communication <a href=\"https:\/\/www.academiedenimes.org\/site\/wp-content\/uploads\/Proposition-de-communication-14.docx\" target=\"_blank\" rel=\"noopener\"><span style=\"color: #ff0000;\">ici<\/span><\/a> .<br \/>\nLes conseils aux auteurs (Note mise \u00e0 jour en f\u00e9vrier 2026) <a href=\"https:\/\/www.academiedenimes.org\/site\/wp-content\/uploads\/Note-aux-auteurs-V.-22-02-2026.pdf\" target=\"_blank\" rel=\"noopener\"><span style=\"color: #ff0000;\">ici<\/span> <\/a><\/strong><\/span>[\/vc_column_text][\/vc_tta_section][vc_tta_section i_position=\u00a0\u00bbright\u00a0\u00bb i_icon_fontawesome=\u00a0\u00bbfas fa-angle-down\u00a0\u00bb add_icon=\u00a0\u00bbtrue\u00a0\u00bb title=\u00a0\u00bbInventaire :\u00a0\u00bb tab_id=\u00a0\u00bb1657527732524-3fff0994-1b98&Prime;][vc_column_text css=\u00a0\u00bb\u00a0\u00bb]<\/p>\n<ul>\n<li><strong>Mode d&#8217;emploi:\u00a0<\/strong> <a href=\"https:\/\/www.academiedenimes.org\/site\/wp-content\/uploads\/Web-Mode-emploi-excel-site-acad.-2.pdf\" target=\"_blank\" rel=\"noopener noreferrer\">Cliquer<\/a><\/li>\n<li><strong>Les carnets de Louis Roumieux. Mode d&#8217;emploi:<\/strong>\u00a0 <a href=\"https:\/\/academiedenimes.org\/site\/wp-content\/uploads\/Web-Mode-emploi-Roumieux.pdf\" target=\"_blank\" rel=\"noopener noreferrer\">Cliquer<\/a><\/li>\n<\/ul>\n<ul>\n<li style=\"list-style-type: none;\"><\/li>\n<\/ul>\n<p>[\/vc_column_text][\/vc_tta_section][vc_tta_section i_position=\u00a0\u00bbright\u00a0\u00bb i_icon_fontawesome=\u00a0\u00bbfas fa-angle-down\u00a0\u00bb add_icon=\u00a0\u00bbtrue\u00a0\u00bb title=\u00a0\u00bbAutres :\u00a0\u00bb tab_id=\u00a0\u00bb1657527821781-22d46b9b-bc5f\u00a0\u00bb][vc_column_text css=\u00a0\u00bb\u00a0\u00bb]<\/p>\n<ul>\n<li><strong>Autres documents pouvant \u00eatre t\u00e9l\u00e9charg\u00e9s\u00a0 <\/strong>: <a href=\"https:\/\/academiedenimes.org\/site\/telechargement\/\" target=\"_blank\" rel=\"noopener noreferrer\">Cliquer<\/a><\/li>\n<\/ul>\n<p>[\/vc_column_text][\/vc_tta_section][\/vc_tta_tour][\/vc_column][\/vc_row][vc_row][vc_column][vc_column_text]<strong>Coordonn\u00e9es de l&rsquo;Imprimerie ESQUALIS<\/strong>:<br \/>\n8 rue Berne. 30000 N\u00eemes.<br \/>\nT\u00e9l : 04 66 29 70 86<br \/>\nCourriel : fabrication@esqualis.fr[\/vc_column_text][\/vc_column][\/vc_row]<\/p>\n<\/div>","protected":false},"excerpt":{"rendered":"<p>[vc_row][vc_column][vc_tta_tour style=\u00a0\u00bbflat\u00a0\u00bb shape=\u00a0\u00bbsquare\u00a0\u00bb active_section=\u00a0\u00bb1&Prime; no_fill_content_area=\u00a0\u00bbtrue\u00a0\u00bb][vc_tta_section i_position=\u00a0\u00bbright\u00a0\u00bb i_icon_fontawesome=\u00a0\u00bbfas fa-angle-down\u00a0\u00bb add_icon=\u00a0\u00bbtrue\u00a0\u00bb title=\u00a0\u00bbMise en ligne :\u00a0\u00bb tab_id=\u00a0\u00bb1657527179149-db9c96c1-4ae7&Prime;][vc_column_text css=\u00a0\u00bb\u00a0\u00bb] Index des communications: Cliquer M\u00e9moires : Cliquer Bulletins : Cliquer Fiche pour une proposition de communication ici . Les conseils aux auteurs (Note mise \u00e0 jour en f\u00e9vrier 2026) ici [\/vc_column_text][\/vc_tta_section][vc_tta_section i_position=\u00a0\u00bbright\u00a0\u00bb i_icon_fontawesome=\u00a0\u00bbfas fa-angle-down\u00a0\u00bb add_icon=\u00a0\u00bbtrue\u00a0\u00bb title=\u00a0\u00bbInventaire :\u00a0\u00bb tab_id=\u00a0\u00bb1657527732524-3fff0994-1b98&Prime;][vc_column_text css=\u00a0\u00bb\u00a0\u00bb] Mode &#8230; <a title=\"Archives\" class=\"read-more\" href=\"https:\/\/www.academiedenimes.org\/site\/archives\/\" aria-label=\"En savoir plus sur Archives\">Lire plus<\/a><\/p>\n","protected":false},"author":1,"featured_media":0,"parent":0,"menu_order":0,"comment_status":"closed","ping_status":"closed","template":"","meta":{"footnotes":""},"class_list":["post-2011","page","type-page","status-publish"],"_links":{"self":[{"href":"https:\/\/www.academiedenimes.org\/site\/wp-json\/wp\/v2\/pages\/2011","targetHints":{"allow":["GET"]}}],"collection":[{"href":"https:\/\/www.academiedenimes.org\/site\/wp-json\/wp\/v2\/pages"}],"about":[{"href":"https:\/\/www.academiedenimes.org\/site\/wp-json\/wp\/v2\/types\/page"}],"author":[{"embeddable":true,"href":"https:\/\/www.academiedenimes.org\/site\/wp-json\/wp\/v2\/users\/1"}],"replies":[{"embeddable":true,"href":"https:\/\/www.academiedenimes.org\/site\/wp-json\/wp\/v2\/comments?post=2011"}],"version-history":[{"count":101,"href":"https:\/\/www.academiedenimes.org\/site\/wp-json\/wp\/v2\/pages\/2011\/revisions"}],"predecessor-version":[{"id":10103,"href":"https:\/\/www.academiedenimes.org\/site\/wp-json\/wp\/v2\/pages\/2011\/revisions\/10103"}],"wp:attachment":[{"href":"https:\/\/www.academiedenimes.org\/site\/wp-json\/wp\/v2\/media?parent=2011"}],"curies":[{"name":"wp","href":"https:\/\/api.w.org\/{rel}","templated":true}]}}