{"id":1050,"date":"2012-06-26T13:06:43","date_gmt":"2012-06-26T13:06:43","guid":{"rendered":"http:\/\/academiedenimes.org\/_\/?page_id=1050"},"modified":"2025-10-04T17:47:34","modified_gmt":"2025-10-04T16:47:34","slug":"telechargement","status":"publish","type":"page","link":"https:\/\/www.academiedenimes.org\/site\/telechargement\/","title":{"rendered":"T\u00e9l\u00e9chargements"},"content":{"rendered":"<p><span style=\"color: #0000ff;\"><strong>1- Le document con\u00e7u en 1982 pour le tricentenaire de l&rsquo;Acad\u00e9mie:<\/strong><\/span>&#8211; <a href=\"http:\/\/academiedenimes.org\/site\/wp-content\/uploads\/2011\/10\/Tricentenaire1.pdf\" target=\"_blank\" rel=\"noopener noreferrer\"><span style=\"color: #ff0000;\"><strong><span style=\"color: #ff0000;\">Tricentenaire<\/span><\/strong><\/span><\/a><\/p>\n<p><span style=\"color: #0000ff;\"><strong>2- Le premier Registre de L&rsquo;Acad\u00e9mie. <span style=\"color: #ff0000;\"><a style=\"color: #ff0000;\" href=\"http:\/\/academiedenimes.org\/site\/wp-content\/uploads\/2013\/01\/premier-registre-academie-vc.pdf\" target=\"_blank\" rel=\"noopener noreferrer\">Cliquer<\/a><\/span><\/strong><\/span><strong><span style=\"color: #0000ff;\"><span style=\"color: #000000;\">\u00a0 \u00a0<\/span><\/span><\/strong><strong><br \/>\n<\/strong><\/p>\n<ul>\n<li><strong>Ouvrage collectif:<\/strong>\u00a0 \u00a0<em>N\u00eemes vue par les Acad\u00e9miciens. <\/em><a href=\"https:\/\/books.google.fr\/books?id=px2IEAAAQBAJ&amp;printsec=frontcover&amp;hl=fr#v=onepage&amp;q&amp;f=false\" target=\"_blank\" rel=\"noopener\">Cliquer<\/a><\/li>\n<li><strong>Les Actes du colloque\u00a0 \u00a0<\/strong>Quelle m\u00e9decine pour demain?<strong> \u00a0<\/strong>\u00a0<a href=\"https:\/\/www.academiedenimes.org\/site\/wp-content\/uploads\/Quelle-m\u00e9decine-pour-demain.-Vers-Web.pdf\" target=\"_blank\" rel=\"noopener noreferrer\">Cliquer<\/a><\/li>\n<li><strong>Ouvrage:<\/strong> \u00a0<em>L&rsquo;Acad\u00e9mie de N\u00eemes en son H\u00f4tel (1919-2019). <\/em><a href=\"https:\/\/www.academiedenimes.org\/site\/wp-content\/uploads\/LAcademie-de-Nimes-en-son-Hotel-juillet-2019-1.pdf\" target=\"_blank\" rel=\"noopener\">Cliquer<\/a><\/li>\n<\/ul>\n","protected":false},"excerpt":{"rendered":"<p>1- Le document con\u00e7u en 1982 pour le tricentenaire de l&rsquo;Acad\u00e9mie:&#8211; Tricentenaire 2- Le premier Registre de L&rsquo;Acad\u00e9mie. Cliquer\u00a0 \u00a0 Ouvrage collectif:\u00a0 \u00a0N\u00eemes vue par les Acad\u00e9miciens. Cliquer Les Actes du colloque\u00a0 \u00a0Quelle m\u00e9decine pour demain? \u00a0\u00a0Cliquer Ouvrage: \u00a0L&rsquo;Acad\u00e9mie de N\u00eemes en son H\u00f4tel (1919-2019). Cliquer<\/p>\n","protected":false},"author":1,"featured_media":0,"parent":0,"menu_order":0,"comment_status":"closed","ping_status":"closed","template":"","meta":{"footnotes":""},"class_list":["post-1050","page","type-page","status-publish"],"_links":{"self":[{"href":"https:\/\/www.academiedenimes.org\/site\/wp-json\/wp\/v2\/pages\/1050","targetHints":{"allow":["GET"]}}],"collection":[{"href":"https:\/\/www.academiedenimes.org\/site\/wp-json\/wp\/v2\/pages"}],"about":[{"href":"https:\/\/www.academiedenimes.org\/site\/wp-json\/wp\/v2\/types\/page"}],"author":[{"embeddable":true,"href":"https:\/\/www.academiedenimes.org\/site\/wp-json\/wp\/v2\/users\/1"}],"replies":[{"embeddable":true,"href":"https:\/\/www.academiedenimes.org\/site\/wp-json\/wp\/v2\/comments?post=1050"}],"version-history":[{"count":24,"href":"https:\/\/www.academiedenimes.org\/site\/wp-json\/wp\/v2\/pages\/1050\/revisions"}],"predecessor-version":[{"id":9865,"href":"https:\/\/www.academiedenimes.org\/site\/wp-json\/wp\/v2\/pages\/1050\/revisions\/9865"}],"wp:attachment":[{"href":"https:\/\/www.academiedenimes.org\/site\/wp-json\/wp\/v2\/media?parent=1050"}],"curies":[{"name":"wp","href":"https:\/\/api.w.org\/{rel}","templated":true}]}}